{"id":15,"date":"2019-04-14T10:39:31","date_gmt":"2019-04-14T08:39:31","guid":{"rendered":"https:\/\/www.calligrafee.com\/cours\/?page_id=15"},"modified":"2021-12-04T19:13:21","modified_gmt":"2021-12-04T18:13:21","slug":"ecole-dart","status":"publish","type":"page","link":"https:\/\/www.calligrafee.com\/cours\/ecole-dart\/","title":{"rendered":"Contenu des cours"},"content":{"rendered":"<p><img fetchpriority=\"high\" decoding=\"async\" class=\"wp-image-63 aligncenter\" src=\"https:\/\/www.calligrafee.com\/cours\/wp-content\/uploads\/sites\/6\/2021\/02\/header03.jpg\" alt=\"\" width=\"495\" height=\"104\" \/><\/p>\n<h1>Contenu des cours de l&rsquo;\u00e9cole d&rsquo;art en ligne Calligraf\u00e9e<\/h1>\n<p style=\"text-align: justify;\">Comme il est expliqu\u00e9 sur la page d&rsquo;accueil, l&rsquo;\u00e9cole en ligne d&rsquo;art Calligraf\u00e9e de Jane est organis\u00e9e en modules de six le\u00e7ons. Chaque module a pour but de vous conduire, \u00e9tape par \u00e9tape, \u00e0 la cr\u00e9ation d&rsquo;un beau projet!\u00a0 L&rsquo;acc\u00e8s \u00e0 un module \u00e9tant limit\u00e9 \u00e0 12 mois, il est recommand\u00e9 de suivre un module enti\u00e8rement (ce qui peut prendre bien moins que 12 mois si vous \u00eates passionn\u00e9) avant de passer au suivant car vous n&rsquo;avez acc\u00e8s qu&rsquo;\u00e0 un module \u00e0 la fois et donc en d\u00e9marrant un nouveau module vous perdez l&rsquo;acc\u00e8s au pr\u00e9c\u00e9dent (mais vous gardez toutes les notes de cours&#8230;).<\/p>\n<p><img decoding=\"async\" class=\"wp-image-70 aligncenter\" src=\"https:\/\/www.calligrafee.com\/cours\/wp-content\/uploads\/sites\/6\/2021\/02\/detail9_900.jpg\" alt=\"\" width=\"461\" height=\"158\" \/><\/p>\n<h2><a href=\"https:\/\/www.calligrafee.com\/cours\/module-1\/\"><span style=\"text-decoration: underline;\"><span style=\"color: #0000ff; text-decoration: underline;\">Module 1<\/span><\/span><\/a> &#8212; Un marque-page enlumin\u00e9<\/h2>\n<p><img decoding=\"async\" class=\"wp-image-257 aligncenter\" src=\"https:\/\/www.calligrafee.com\/cours\/wp-content\/uploads\/sites\/6\/2019\/07\/george.jpg\" alt=\"\" width=\"351\" height=\"166\" srcset=\"https:\/\/www.calligrafee.com\/cours\/wp-content\/uploads\/sites\/6\/2019\/07\/george.jpg 1592w, https:\/\/www.calligrafee.com\/cours\/wp-content\/uploads\/sites\/6\/2019\/07\/george-300x142.jpg 300w, https:\/\/www.calligrafee.com\/cours\/wp-content\/uploads\/sites\/6\/2019\/07\/george-768x363.jpg 768w, https:\/\/www.calligrafee.com\/cours\/wp-content\/uploads\/sites\/6\/2019\/07\/george-1024x484.jpg 1024w\" sizes=\"(max-width: 351px) 100vw, 351px\" \/><\/p>\n<p>Mat\u00e9riel pour dessiner : papier \u00e0 dessin, crayon HB, 2B ou 3B, gomme, crayons de couleurs, peintures \u00e0 l&rsquo;eau ou gouaches.<\/p>\n<p>Mat\u00e9riel pour la calligraphie : une r\u00e8gle, un crayon, une plume de calligraphie en m\u00e9tal et de l&rsquo;encre (ou du brou de noix ou de la gouache, d\u00e9tails dans la vid\u00e9o) ou un feutre sp\u00e9cial calligraphie.<\/p>\n<p style=\"text-align: justify;\">Cours 1-1: Les lettres tourneures, la base de notre premi\u00e8re initiale enlumin\u00e9e. Des d\u00e9corations et des motifs simples pour donner vie \u00e0 vos lettres. Deux documents de cours.<\/p>\n<p style=\"text-align: justify;\">Cours 1-2: Calligraphie en style humanistique, les bases sur l&rsquo;angle de la plume, le ductus et la forme des lettres minuscules. Pratiquer avec plaisir en gardant un \u0153il sur l&rsquo;\u00e9quilibre, la beaut\u00e9 et le rythme! Deux documents de cours.<\/p>\n<p style=\"text-align: justify;\">Cours 1-3: Dessiner des cr\u00e9atures fantastiques : une licorne et un dragon. Deux documents de cours.<\/p>\n<p style=\"text-align: justify;\">Cours 1-4: Suite de la calligraphie; comment utiliser l&rsquo;alphabet minuscule pour \u00e9crire des mots et des noms. Espacement des lettres et d\u00e9corations \u00e0 la plume. Un document de cours.<\/p>\n<p style=\"text-align: justify;\">Cours 1-5: Trac\u00e9 d&rsquo;entrelacs Celtiques : Une m\u00e9thode simple pour cr\u00e9er un panneau d&rsquo;entrelacs rectangulaire d&rsquo;allure complexe! Amusant et relaxant \u00e0 faire et utile pour le projet final du module. Deux documents de cours.<\/p>\n<p>Cours 1-6: Notre premier projet! Un marque-page. Le nom de votre choix, pr\u00e9sent\u00e9 avec une lettre enlumin\u00e9e pour l&rsquo;initiale, suivie d&rsquo;une calligraphie en minuscule humanistique, plus une cr\u00e9ature fantastique (licorne ou dragon au choix ou, pourquoi pas, les deux!) et une bande color\u00e9e d&rsquo;entrelacs celtiques pour d\u00e9corer un peu plus. Un chef-d\u2019\u0153uvre! Deux documents de cours.<\/p>\n<h2 style=\"text-align: center;\"><a href=\"https:\/\/www.calligrafee.com\/cours\/membership-join\/\"><span style=\"color: #ff0000;\"><span style=\"text-decoration: underline;\">Rejoignez nous!<\/span><\/span><\/a><\/h2>\n<h2>Module 2 &#8212; Enluminure marine, encadr\u00e9e en calligraphie<\/h2>\n<p><img loading=\"lazy\" decoding=\"async\" class=\" wp-image-250 aligncenter\" src=\"https:\/\/www.calligrafee.com\/cours\/wp-content\/uploads\/sites\/6\/2019\/07\/sir\u00e8ne.jpg\" alt=\"\" width=\"142\" height=\"172\" \/><\/p>\n<p>Ce module est compos\u00e9 de 6 cours vous permettant de cr\u00e9er cette enluminure marine enchant\u00e9e :<\/p>\n<p>Cours 2-1: Esquisse de l&rsquo;initiale, plac\u00e9e dans un cadre en parchemin dessin\u00e9 au crayon. Pr\u00e9paration de la composition.<\/p>\n<p>Cours 2-2: Pratique de la Calligraphie\u00a0 : La b\u00e2tarde fran\u00e7aise, pratique des lettres minuscules.<\/p>\n<p>Cours 2-3: Essais d&rsquo;art fantastique pour une sc\u00e8ne miniature dans et autour de votre lettre : sir\u00e8nes et monstres marins, dauphins et poissons amicaux.<\/p>\n<p>Cours 2-4: Calligraphie: \u00e9criture d&rsquo;un texte.<\/p>\n<p>Cours 2-5: Premi\u00e8re \u00e9tape du projet final : \u00e9criture du texte calligraphi\u00e9 et composition de l&rsquo;image centrale au crayon.<\/p>\n<p>Cours 2-6: Deuxi\u00e8me \u00e9tape du projet final : Dessiner, faire les contours \u00e0 l&rsquo;encre et peindre votre paysage enchant\u00e9 et la lettre dor\u00e9e.<\/p>\n<h2 style=\"text-align: center;\"><a href=\"https:\/\/www.calligrafee.com\/cours\/membership-join\/\"><span style=\"color: #ff0000;\"><span style=\"text-decoration: underline;\">Rejoignez nous!<\/span><\/span><\/a><\/h2>\n<p><span style=\"color: #0000ff;\">\u00a0<\/span><\/p>\n<h2>Module 3 &#8212; Un po\u00e8me calligraphi\u00e9 et enlumin\u00e9 d&rsquo;une f\u00e9e et d&rsquo;une licorne.<\/h2>\n<p><img loading=\"lazy\" decoding=\"async\" class=\" wp-image-157 aligncenter\" src=\"https:\/\/www.calligrafee.com\/cours\/wp-content\/uploads\/sites\/6\/2019\/05\/poem.jpg\" alt=\"\" width=\"399\" height=\"486\" srcset=\"https:\/\/www.calligrafee.com\/cours\/wp-content\/uploads\/sites\/6\/2019\/05\/poem.jpg 488w, https:\/\/www.calligrafee.com\/cours\/wp-content\/uploads\/sites\/6\/2019\/05\/poem-246x300.jpg 246w\" sizes=\"(max-width: 399px) 100vw, 399px\" \/><\/p>\n<p>Ce module est compos\u00e9 de 6 cours vous permettant de cr\u00e9er ce po\u00e8me calligraphi\u00e9 et enlumin\u00e9 :<\/p>\n<ul>\n<li><span style=\"color: #0000ff;\">Cours 1: Esquisse de l&rsquo;initiale et\u00a0 placement de la d\u00e9coration, mise-en-page des lignes pour le texte.<\/span><\/li>\n<li><span style=\"color: #0000ff;\">Cours 2: Pratique de la Calligraphie\u00a0 : La b\u00e2tarde fran\u00e7aise, pratique des lettres minuscules et de notre po\u00e8me.<\/span><\/li>\n<li><span style=\"color: #0000ff;\">Cours 3: Croquis d&rsquo;une f\u00e9e et d&rsquo;un cheval-ail\u00e9.<\/span><\/li>\n<li><span style=\"color: #0000ff;\">Cours 4: Projet Final, premi\u00e8re \u00e9tape: calligraphie \u00e0 la gouache et composition au crayon.<\/span><\/li>\n<li><span style=\"color: #0000ff;\">Cours 5: Deuxi\u00e8me \u00e9tape :\u00a0 initiale et d\u00e9corations au crayon, puis\u00a0 contours au feutre.<\/span><\/li>\n<li><span style=\"color: #0000ff;\">Cours 6: Troisi\u00e8me \u00e9tape: Comment colorier les images \u00e0 la gouache, en plusieurs couches.<\/span><\/li>\n<\/ul>\n<h2 style=\"text-align: center;\"><a href=\"https:\/\/www.calligrafee.com\/cours\/membership-join\/\"><span style=\"color: #ff0000;\">Rejoignez nous!<\/span><\/a><\/h2>\n<h2>Module 4 &#8212; Dessiner de joyeux dragons dans un monde fantastique.<\/h2>\n<p><img loading=\"lazy\" decoding=\"async\" class=\"wp-image-181 aligncenter\" src=\"https:\/\/www.calligrafee.com\/school\/wp-content\/uploads\/sites\/5\/2018\/03\/dragon-image-03.jpg\" alt=\"\" width=\"384\" height=\"324\" \/><\/p>\n<p>Ce module est compos\u00e9 de 6 cours vous permettant de cr\u00e9er votre propre dragon dans le d\u00e9cors fantastique de votre choix :<\/p>\n<ul>\n<li style=\"list-style-type: none;\">\n<ul>\n<li><span style=\"color: #0000ff;\">Cours 1 : Apprendre \u00e0 dessiner quelques d\u00e9tails de base des dragons : t\u00eate, griffes et ailes.<br \/>\n<\/span><\/li>\n<li><span style=\"color: #0000ff;\">Cours 2 : Dessiner l&rsquo;anatomie du dragon et donner un mouvement fluide \u00e0 votre composition.<br \/>\n<\/span><\/li>\n<li><span style=\"color: #0000ff;\">Cours 3 : Calligraphie en gothique : les lettres minuscules.<br \/>\n<\/span><\/li>\n<li><span style=\"color: #0000ff;\">Cours 4 : Le projet final, \u00e9tape un : la composition compl\u00e8te au crayon.<br \/>\n<\/span><\/li>\n<li><span style=\"color: #0000ff;\">Cours 5 : Etape deux : passage des contours \u00e0 l&rsquo;encre et affinage des d\u00e9tails. Apprendre \u00e0 dessiner une banderole pour le titre.<br \/>\n<\/span><\/li>\n<li><span style=\"color: #0000ff;\">Cours 6 : Derni\u00e8re \u00e9tape : peindre le fond avec un lavis de peinture, peindre la composition \u00e0 la gouache, ajout de d\u00e9tails d\u00e9licats. Ecriture du titre en calligraphie gothique.<\/span><\/li>\n<\/ul>\n<\/li>\n<\/ul>\n<h2 style=\"text-align: center;\"><a href=\"https:\/\/www.calligrafee.com\/cours\/membership-join\/\"><span style=\"color: #ff0000;\">Rejoignez nous!<\/span><\/a><\/h2>\n<h2>Module 5 &#8212; Entrelacs celtiques et enluminures<\/h2>\n<p><img loading=\"lazy\" decoding=\"async\" class=\"wp-image-671 aligncenter\" src=\"https:\/\/www.calligrafee.com\/cours\/wp-content\/uploads\/sites\/6\/2021\/11\/Cross.jpg\" alt=\"Page tapis en forme de croix celtique\" width=\"176\" height=\"251\" srcset=\"https:\/\/www.calligrafee.com\/cours\/wp-content\/uploads\/sites\/6\/2021\/11\/Cross.jpg 789w, https:\/\/www.calligrafee.com\/cours\/wp-content\/uploads\/sites\/6\/2021\/11\/Cross-211x300.jpg 211w, https:\/\/www.calligrafee.com\/cours\/wp-content\/uploads\/sites\/6\/2021\/11\/Cross-719x1024.jpg 719w, https:\/\/www.calligrafee.com\/cours\/wp-content\/uploads\/sites\/6\/2021\/11\/Cross-768x1094.jpg 768w\" sizes=\"(max-width: 176px) 100vw, 176px\" \/><\/p>\n<p>Ce module est compos\u00e9 de 6 cours vous permettant de cr\u00e9er toutes sortes d&rsquo;entrelacs et d&rsquo;enluminures dans diff\u00e9rentes g\u00e9om\u00e9tries et lettres celtiques :<\/p>\n<ul>\n<li style=\"list-style-type: none;\">\n<ul>\n<li><span style=\"color: #0000ff;\">Cours 1 : Apprendre \u00e0 faire des noeuds de base avec des points et des entrelacs simples.<br \/>\n<\/span><\/li>\n<li><span style=\"color: #0000ff;\">Cours 2 : Forme des lettres celtiques et leur transformation en entrelacs.<br \/>\n<\/span><\/li>\n<li><span style=\"color: #0000ff;\">Cours 3 : Animaux celtique et une lettre en zoomorphe : On invite un chat stylis\u00e9 \u00e0 se transformer en la lettre T.<br \/>\n<\/span><\/li>\n<li><span style=\"color: #0000ff;\">Cours 4 : N\u0153uds de base sur une forme circulaire.<br \/>\n<\/span><\/li>\n<li><span style=\"color: #0000ff;\">Cours 5 : Le mot PAX \u00e9crit dans un style celtique.<br \/>\n<\/span><\/li>\n<li><span style=\"color: #0000ff;\">Cours 6 : Une page tapis en forme de croix celtique. En combinant les entrelacs et les zoomorphismes on peut cr\u00e9er une jolie page tapis autour de la croix celtique.<br \/>\n<\/span><\/li>\n<\/ul>\n<\/li>\n<\/ul>\n<h2 style=\"text-align: center;\"><a href=\"https:\/\/www.calligrafee.com\/cours\/membership-join\/\"><span style=\"color: #ff0000;\">Rejoignez nous!<\/span><\/a><\/h2>\n<h2>Module 6 &#8212; Une recette de cuisine enlumin\u00e9e et illustr\u00e9e.<\/h2>\n<p><img loading=\"lazy\" decoding=\"async\" class=\" wp-image-381 aligncenter\" src=\"https:\/\/www.calligrafee.com\/cours\/wp-content\/uploads\/sites\/6\/2021\/02\/recipe-sauce-capres.jpg\" alt=\"\" width=\"551\" height=\"355\" \/><\/p>\n<h3 style=\"text-align: center;\"><a href=\"https:\/\/www.calligrafee.com\/cours\/membership-join\/\"><span style=\"color: #ff0000;\"><strong>Rejoignez-nous!<\/strong><\/span><\/a><\/h3>\n<p style=\"text-align: right;\"><span style=\"text-decoration: underline;\"><span style=\"color: #0000ff;\"><a style=\"color: #0000ff; text-decoration: underline;\" href=\"https:\/\/www.calligrafee.com\/cours\/\">Accueil<\/a><\/span><\/span><\/p>\n<p>&nbsp;<\/p>\n","protected":false},"excerpt":{"rendered":"<p>Contenu des cours de l&rsquo;\u00e9cole d&rsquo;art en ligne Calligraf\u00e9e Comme il est expliqu\u00e9 sur la page d&rsquo;accueil, l&rsquo;\u00e9cole en ligne d&rsquo;art Calligraf\u00e9e de Jane est organis\u00e9e en modules de six le\u00e7ons. Chaque module a pour but de vous conduire, \u00e9tape par \u00e9tape, \u00e0 la cr\u00e9ation d&rsquo;un beau projet!\u00a0 L&rsquo;acc\u00e8s \u00e0 un module \u00e9tant limit\u00e9 \u00e0 &hellip; <a href=\"https:\/\/www.calligrafee.com\/cours\/ecole-dart\/\" class=\"more-link\">Continue reading <span class=\"screen-reader-text\">Contenu des cours<\/span> <span class=\"meta-nav\">&rarr;<\/span><\/a><\/p>\n","protected":false},"author":1,"featured_media":0,"parent":0,"menu_order":0,"comment_status":"open","ping_status":"closed","template":"","meta":{"footnotes":""},"class_list":["post-15","page","type-page","status-publish","hentry"],"yoast_head":"<!-- This site is optimized with the Yoast SEO plugin v24.4 - https:\/\/yoast.com\/wordpress\/plugins\/seo\/ -->\n<title>Ecole d&#039;art Calligraf\u00e9e<\/title>\n<meta name=\"description\" content=\"Description d\u00e9taill\u00e9e du contenu des cours de l&#039;\u00e9cole d&#039;art Calligraf\u00e9e qui propose des cours en Calligraphie et Enluminure cr\u00e9ative et Art fantastique.\" \/>\n<meta name=\"robots\" content=\"index, follow, max-snippet:-1, max-image-preview:large, max-video-preview:-1\" \/>\n<link rel=\"canonical\" href=\"https:\/\/www.calligrafee.com\/cours\/ecole-dart\/\" \/>\n<meta property=\"og:locale\" content=\"fr_FR\" \/>\n<meta property=\"og:type\" content=\"article\" \/>\n<meta property=\"og:title\" content=\"Ecole d&#039;art Calligraf\u00e9e\" \/>\n<meta property=\"og:description\" content=\"Description d\u00e9taill\u00e9e du contenu des cours de l&#039;\u00e9cole d&#039;art Calligraf\u00e9e qui propose des cours en Calligraphie et Enluminure cr\u00e9ative et Art fantastique.\" \/>\n<meta property=\"og:url\" content=\"https:\/\/www.calligrafee.com\/cours\/ecole-dart\/\" \/>\n<meta property=\"og:site_name\" content=\"Ecole d&#039;art Calligraf\u00e9e\" \/>\n<meta property=\"article:modified_time\" content=\"2021-12-04T18:13:21+00:00\" \/>\n<meta property=\"og:image\" content=\"https:\/\/www.calligrafee.com\/cours\/wp-content\/uploads\/sites\/6\/2021\/02\/header03.jpg\" \/>\n<meta name=\"twitter:card\" content=\"summary_large_image\" \/>\n<meta name=\"twitter:label1\" content=\"Dur\u00e9e de lecture estim\u00e9e\" \/>\n\t<meta name=\"twitter:data1\" content=\"6 minutes\" \/>\n<script type=\"application\/ld+json\" class=\"yoast-schema-graph\">{\"@context\":\"https:\/\/schema.org\",\"@graph\":[{\"@type\":\"WebPage\",\"@id\":\"https:\/\/www.calligrafee.com\/cours\/ecole-dart\/\",\"url\":\"https:\/\/www.calligrafee.com\/cours\/ecole-dart\/\",\"name\":\"Ecole d&#039;art Calligraf\u00e9e\",\"isPartOf\":{\"@id\":\"https:\/\/www.calligrafee.com\/cours\/#website\"},\"primaryImageOfPage\":{\"@id\":\"https:\/\/www.calligrafee.com\/cours\/ecole-dart\/#primaryimage\"},\"image\":{\"@id\":\"https:\/\/www.calligrafee.com\/cours\/ecole-dart\/#primaryimage\"},\"thumbnailUrl\":\"https:\/\/www.calligrafee.com\/cours\/wp-content\/uploads\/sites\/6\/2021\/02\/header03.jpg\",\"datePublished\":\"2019-04-14T08:39:31+00:00\",\"dateModified\":\"2021-12-04T18:13:21+00:00\",\"description\":\"Description d\u00e9taill\u00e9e du contenu des cours de l'\u00e9cole d'art Calligraf\u00e9e qui propose des cours en Calligraphie et Enluminure cr\u00e9ative et Art fantastique.\",\"breadcrumb\":{\"@id\":\"https:\/\/www.calligrafee.com\/cours\/ecole-dart\/#breadcrumb\"},\"inLanguage\":\"fr-FR\",\"potentialAction\":[{\"@type\":\"ReadAction\",\"target\":[\"https:\/\/www.calligrafee.com\/cours\/ecole-dart\/\"]}]},{\"@type\":\"ImageObject\",\"inLanguage\":\"fr-FR\",\"@id\":\"https:\/\/www.calligrafee.com\/cours\/ecole-dart\/#primaryimage\",\"url\":\"https:\/\/www.calligrafee.com\/cours\/wp-content\/uploads\/sites\/6\/2021\/02\/header03.jpg\",\"contentUrl\":\"https:\/\/www.calligrafee.com\/cours\/wp-content\/uploads\/sites\/6\/2021\/02\/header03.jpg\"},{\"@type\":\"BreadcrumbList\",\"@id\":\"https:\/\/www.calligrafee.com\/cours\/ecole-dart\/#breadcrumb\",\"itemListElement\":[{\"@type\":\"ListItem\",\"position\":1,\"name\":\"Accueil\",\"item\":\"https:\/\/www.calligrafee.com\/cours\/\"},{\"@type\":\"ListItem\",\"position\":2,\"name\":\"Contenu des cours\"}]},{\"@type\":\"WebSite\",\"@id\":\"https:\/\/www.calligrafee.com\/cours\/#website\",\"url\":\"https:\/\/www.calligrafee.com\/cours\/\",\"name\":\"Ecole d&#039;art Calligraf\u00e9e\",\"description\":\"Apprenez la calligraphie, l&#039;enluminure et l&#039;art fantastique\",\"potentialAction\":[{\"@type\":\"SearchAction\",\"target\":{\"@type\":\"EntryPoint\",\"urlTemplate\":\"https:\/\/www.calligrafee.com\/cours\/?s={search_term_string}\"},\"query-input\":{\"@type\":\"PropertyValueSpecification\",\"valueRequired\":true,\"valueName\":\"search_term_string\"}}],\"inLanguage\":\"fr-FR\"}]}<\/script>\n<!-- \/ Yoast SEO plugin. -->","yoast_head_json":{"title":"Ecole d&#039;art Calligraf\u00e9e","description":"Description d\u00e9taill\u00e9e du contenu des cours de l'\u00e9cole d'art Calligraf\u00e9e qui propose des cours en Calligraphie et Enluminure cr\u00e9ative et Art fantastique.","robots":{"index":"index","follow":"follow","max-snippet":"max-snippet:-1","max-image-preview":"max-image-preview:large","max-video-preview":"max-video-preview:-1"},"canonical":"https:\/\/www.calligrafee.com\/cours\/ecole-dart\/","og_locale":"fr_FR","og_type":"article","og_title":"Ecole d&#039;art Calligraf\u00e9e","og_description":"Description d\u00e9taill\u00e9e du contenu des cours de l'\u00e9cole d'art Calligraf\u00e9e qui propose des cours en Calligraphie et Enluminure cr\u00e9ative et Art fantastique.","og_url":"https:\/\/www.calligrafee.com\/cours\/ecole-dart\/","og_site_name":"Ecole d&#039;art Calligraf\u00e9e","article_modified_time":"2021-12-04T18:13:21+00:00","og_image":[{"url":"https:\/\/www.calligrafee.com\/cours\/wp-content\/uploads\/sites\/6\/2021\/02\/header03.jpg","type":"","width":"","height":""}],"twitter_card":"summary_large_image","twitter_misc":{"Dur\u00e9e de lecture estim\u00e9e":"6 minutes"},"schema":{"@context":"https:\/\/schema.org","@graph":[{"@type":"WebPage","@id":"https:\/\/www.calligrafee.com\/cours\/ecole-dart\/","url":"https:\/\/www.calligrafee.com\/cours\/ecole-dart\/","name":"Ecole d&#039;art Calligraf\u00e9e","isPartOf":{"@id":"https:\/\/www.calligrafee.com\/cours\/#website"},"primaryImageOfPage":{"@id":"https:\/\/www.calligrafee.com\/cours\/ecole-dart\/#primaryimage"},"image":{"@id":"https:\/\/www.calligrafee.com\/cours\/ecole-dart\/#primaryimage"},"thumbnailUrl":"https:\/\/www.calligrafee.com\/cours\/wp-content\/uploads\/sites\/6\/2021\/02\/header03.jpg","datePublished":"2019-04-14T08:39:31+00:00","dateModified":"2021-12-04T18:13:21+00:00","description":"Description d\u00e9taill\u00e9e du contenu des cours de l'\u00e9cole d'art Calligraf\u00e9e qui propose des cours en Calligraphie et Enluminure cr\u00e9ative et Art fantastique.","breadcrumb":{"@id":"https:\/\/www.calligrafee.com\/cours\/ecole-dart\/#breadcrumb"},"inLanguage":"fr-FR","potentialAction":[{"@type":"ReadAction","target":["https:\/\/www.calligrafee.com\/cours\/ecole-dart\/"]}]},{"@type":"ImageObject","inLanguage":"fr-FR","@id":"https:\/\/www.calligrafee.com\/cours\/ecole-dart\/#primaryimage","url":"https:\/\/www.calligrafee.com\/cours\/wp-content\/uploads\/sites\/6\/2021\/02\/header03.jpg","contentUrl":"https:\/\/www.calligrafee.com\/cours\/wp-content\/uploads\/sites\/6\/2021\/02\/header03.jpg"},{"@type":"BreadcrumbList","@id":"https:\/\/www.calligrafee.com\/cours\/ecole-dart\/#breadcrumb","itemListElement":[{"@type":"ListItem","position":1,"name":"Accueil","item":"https:\/\/www.calligrafee.com\/cours\/"},{"@type":"ListItem","position":2,"name":"Contenu des cours"}]},{"@type":"WebSite","@id":"https:\/\/www.calligrafee.com\/cours\/#website","url":"https:\/\/www.calligrafee.com\/cours\/","name":"Ecole d&#039;art Calligraf\u00e9e","description":"Apprenez la calligraphie, l&#039;enluminure et l&#039;art fantastique","potentialAction":[{"@type":"SearchAction","target":{"@type":"EntryPoint","urlTemplate":"https:\/\/www.calligrafee.com\/cours\/?s={search_term_string}"},"query-input":{"@type":"PropertyValueSpecification","valueRequired":true,"valueName":"search_term_string"}}],"inLanguage":"fr-FR"}]}},"_links":{"self":[{"href":"https:\/\/www.calligrafee.com\/cours\/wp-json\/wp\/v2\/pages\/15"}],"collection":[{"href":"https:\/\/www.calligrafee.com\/cours\/wp-json\/wp\/v2\/pages"}],"about":[{"href":"https:\/\/www.calligrafee.com\/cours\/wp-json\/wp\/v2\/types\/page"}],"author":[{"embeddable":true,"href":"https:\/\/www.calligrafee.com\/cours\/wp-json\/wp\/v2\/users\/1"}],"replies":[{"embeddable":true,"href":"https:\/\/www.calligrafee.com\/cours\/wp-json\/wp\/v2\/comments?post=15"}],"version-history":[{"count":0,"href":"https:\/\/www.calligrafee.com\/cours\/wp-json\/wp\/v2\/pages\/15\/revisions"}],"wp:attachment":[{"href":"https:\/\/www.calligrafee.com\/cours\/wp-json\/wp\/v2\/media?parent=15"}],"curies":[{"name":"wp","href":"https:\/\/api.w.org\/{rel}","templated":true}]}}