{"id":19,"date":"2019-04-14T10:38:35","date_gmt":"2019-04-14T08:38:35","guid":{"rendered":"https:\/\/www.calligrafee.com\/cours\/?page_id=19"},"modified":"2022-03-04T12:55:27","modified_gmt":"2022-03-04T11:55:27","slug":"calligraphie","status":"publish","type":"page","link":"https:\/\/www.calligrafee.com\/cours\/","title":{"rendered":"Calligraphie et Enluminure Cr\u00e9ative et Art fantastique"},"content":{"rendered":"<h1 style=\"text-align: center;\"><span style=\"color: #ff0000;\"><strong>Bienvenu dans l&rsquo;\u00e9cole en ligne Calligraf\u00e9e<\/strong> !<\/span><\/h1>\n<p style=\"text-align: center;\"><iframe title=\"YouTube video player\" src=\"https:\/\/www.youtube.com\/embed\/o6kLBJvsBps\" width=\"560\" height=\"315\" frameborder=\"0\" allowfullscreen=\"allowfullscreen\"><\/iframe><\/p>\n<h2 style=\"text-align: center;\">Jane vous invite \u00e0 la rejoindre pour des cours joyeux et d\u00e9taill\u00e9s dans son<\/h2>\n<h2 style=\"text-align: center;\"><span style=\"color: #0000ff;\"><strong>Ecole d&rsquo;art en Calligraphie et Enluminure cr\u00e9ative et Art fantastique<\/strong><\/span><\/h2>\n<p><img fetchpriority=\"high\" decoding=\"async\" class=\"aligncenter wp-image-71\" src=\"https:\/\/www.calligrafee.com\/cours\/wp-content\/uploads\/sites\/6\/2021\/02\/detail10_900.jpg\" alt=\"Celtic decoration\" width=\"454\" height=\"131\" \/><\/p>\n<p style=\"text-align: justify;\"><img decoding=\"async\" class=\"alignleft wp-image-59\" src=\"https:\/\/www.calligrafee.com\/cours\/wp-content\/uploads\/sites\/6\/2021\/02\/interlace9.jpg\" alt=\"Celtic L\" width=\"65\" height=\"140\" \/>Vous pouvez \u00eatre d\u00e9butant et vouloir d\u00e9couvrir l&rsquo;art graphique ou, peut-\u00eatre, vous aimez dessiner et vous souhaitez un peu d&rsquo;aide pour apprendre \u00e0 laisser parler votre imagination. Ou encore, vous \u00eates d\u00e9j\u00e0 un ou une artiste et vous aimeriez \u00e9largir votre horizon et apprendre de nouvelles techniques ou de nouveaux styles&#8230; Et bien cette \u00e9cole est faite pour vous!! Et, par sa simplicit\u00e9, elle est tout \u00e0 fait accessible aux enfants aussi, d\u00e8s l&rsquo;\u00e2ge de 8 ans.<\/p>\n<h2 style=\"text-align: center;\"><img decoding=\"async\" class=\"alignnone wp-image-77\" src=\"https:\/\/www.calligrafee.com\/cours\/wp-content\/uploads\/sites\/6\/2021\/02\/feerique6.jpg\" alt=\"Feerie\" width=\"152\" height=\"173\" \/> <img loading=\"lazy\" decoding=\"async\" class=\"alignnone wp-image-79\" src=\"https:\/\/www.calligrafee.com\/cours\/wp-content\/uploads\/sites\/6\/2021\/02\/flying-horse.jpg\" alt=\"Flying horse\" width=\"181\" height=\"136\" \/> <img loading=\"lazy\" decoding=\"async\" class=\"alignnone wp-image-76\" src=\"https:\/\/www.calligrafee.com\/cours\/wp-content\/uploads\/sites\/6\/2021\/02\/feerique5.jpg\" alt=\"Feerie\" width=\"126\" height=\"166\" \/><\/h2>\n<p style=\"text-align: justify;\">Nous apprenons \u00e0 dessiner, tout d&rsquo;abord tr\u00e8s simplement puis avec plus de pr\u00e9cision et de d\u00e9tails, les licornes et les dragons, les f\u00e9es et les sir\u00e8nes, les chevaux ail\u00e9s, les griffons et les monstres marins! Nous cr\u00e9ons de belles lettres enlumin\u00e9es, semblables \u00e0 celles des manuscrits m\u00e9di\u00e9vaux, habit\u00e9es par nos cr\u00e9atures fantastiques favorites et entour\u00e9es par toutes sortes de feuillages, fleurs et animaux : chiens, chats, chevaux, dauphins, oiseaux et papillons, etc&#8230; Les illustrations de Jane sont remplies d&rsquo;humour et d&rsquo;un grain de folie! Elles contiennent des motifs compliqu\u00e9s, mais aussi des dessins simples et \u00e9l\u00e9gants, des entrelacs celtiques et des spirales, tous faciles \u00e0 ma\u00eetriser.\u00a0 Ainsi, vous pourrez personnaliser\u00a0 vos enluminures.<\/p>\n<p><img loading=\"lazy\" decoding=\"async\" class=\"aligncenter wp-image-69 size-full\" src=\"https:\/\/www.calligrafee.com\/cours\/wp-content\/uploads\/sites\/6\/2021\/02\/detail7_800.jpg\" alt=\"Celtic interlace\" width=\"800\" height=\"171\" \/><\/p>\n<p style=\"text-align: justify;\"><em>La Calligraphie <\/em>est un des sujets favoris de Jane et elle vous guidera, \u00e9tape par \u00e9tape, pour apprendre \u00e0 \u00e9crire en gothique pointue, en humaniste amicale, en italique romantique ou en b\u00e2tarde fran\u00e7aise, si m\u00e9di\u00e9vale!<\/p>\n<p><img loading=\"lazy\" decoding=\"async\" class=\"wp-image-374 aligncenter\" src=\"https:\/\/www.calligrafee.com\/cours\/wp-content\/uploads\/sites\/6\/2021\/02\/gloria.jpg\" alt=\"\" width=\"287\" height=\"47\" \/><\/p>\n<p style=\"text-align: justify;\">Les cours que Jane vous propose dans son \u00e9cole en ligne de Calligraphie et Enluminure et Art fantastique sont organis\u00e9s en <span style=\"color: #ff0000;\">modules, g\u00e9n\u00e9ralement de six classes<\/span> (chacune faisant entre 10 et 30 minutes). Chaque module traite d&rsquo;un sujet ou d&rsquo;un projet particulier. De nouveaux modules sont ajout\u00e9s r\u00e9guli\u00e8rement.<\/p>\n<p style=\"text-align: justify;\">Jane vous propose un <a href=\"https:\/\/www.calligrafee.com\/cours\/enluminure\/\"><strong><span style=\"text-decoration: underline; color: #0000ff;\">essai gratuit<\/span><\/strong><\/a> qui vous explique et vous montre comment dessiner et colorier une belle lettre enlumin\u00e9e avec des motifs simples \u00e0 base de feuilles (juste avec des crayons de couleurs pour cette fois). C&rsquo;est une bonne fa\u00e7on de d\u00e9buter et de vous rendre compte si vous aimez la fa\u00e7on dont Jane partage son art.<\/p>\n<h2 style=\"text-align: center;\"><img loading=\"lazy\" decoding=\"async\" class=\"alignnone wp-image-60\" src=\"https:\/\/www.calligrafee.com\/cours\/wp-content\/uploads\/sites\/6\/2021\/02\/medieval-A.jpg\" alt=\"Illuminated A\" width=\"122\" height=\"144\" \/> <img loading=\"lazy\" decoding=\"async\" class=\"alignnone wp-image-58\" src=\"https:\/\/www.calligrafee.com\/cours\/wp-content\/uploads\/sites\/6\/2021\/02\/initiale.jpg\" alt=\"Illuminated R\" width=\"155\" height=\"131\" \/> <img loading=\"lazy\" decoding=\"async\" class=\"alignnone wp-image-57\" src=\"https:\/\/www.calligrafee.com\/cours\/wp-content\/uploads\/sites\/6\/2021\/02\/H-is-for-Hirondelle.jpg\" alt=\"Illuminated h\" width=\"156\" height=\"195\" \/> <img loading=\"lazy\" decoding=\"async\" class=\"alignnone wp-image-62\" src=\"https:\/\/www.calligrafee.com\/cours\/wp-content\/uploads\/sites\/6\/2021\/02\/Veronicas-Brood.jpg\" alt=\"illuminated V\" width=\"222\" height=\"221\" \/><\/h2>\n<p style=\"text-align: justify;\">Vous avez le choix entre deux options quand vous\u00a0 choisissez de <a href=\"https:\/\/www.calligrafee.com\/cours\/membership-join\/\"><strong><span style=\"text-decoration: underline;\"><span style=\"color: #0000ff; text-decoration: underline;\">rejoindre l&rsquo;\u00e9cole<\/span><\/span><\/strong><\/a> :<\/p>\n<p style=\"text-align: justify;\">Option 1 : <span style=\"color: #ff0000;\"><strong>Pour seulement 65 \u20ac<\/strong><\/span>, vous vous abonnez \u00e0 tous les modules en m\u00eame temps. Alors, vous aurez acc\u00e8s \u00e0 toutes les vid\u00e9os et \u00e0 tous les documents des six modules de l&rsquo;\u00e9cole et ce pendant 1 an. Vous pourrez revenir sur une le\u00e7on, approfondir ou combiner les styles \u00e0 votre guise!<\/p>\n<p>Option 2: Vous pouvez aussi choisir de vous abonner \u00e0 un module en particulier parmis les six propos\u00e9s et ce <strong><span style=\"color: #ff0000;\">pour seulement 16 \u20ac<\/span><\/strong>. La aussi vous avez acc\u00e8s pendant 1 an \u00e0 toutes les vid\u00e9os et \u00e0 tous les documents du module choisi. Par contre, si vous choisissez de changer de module avant les 12 mois, vous perdez le module en cours.<\/p>\n<p style=\"text-align: justify;\">Tous les d\u00e9tails sur le contenu des diff\u00e9rents modules existants et \u00e0 venir sont disponibles sur la page <a href=\"https:\/\/www.calligrafee.com\/cours\/ecole-dart\/\"><strong><span style=\"text-decoration: underline; color: #0000ff;\">Contenu des cours<\/span><\/strong><\/a>.<\/p>\n<p style=\"text-align: justify;\"><span style=\"color: #ff0000;\"><strong><img loading=\"lazy\" decoding=\"async\" class=\"alignleft wp-image-83\" src=\"https:\/\/www.calligrafee.com\/cours\/wp-content\/uploads\/sites\/6\/2021\/02\/interlace7.jpg\" alt=\"Celtic interlace\" width=\"86\" height=\"264\" \/><\/strong><\/span>Le paiement peut \u00eatre fait de mani\u00e8re s\u00e9curis\u00e9e par carte de cr\u00e9dit ou par PayPal. Vous aurez acc\u00e8s aux six classes de chaque module (environ 2 heures de cours en tout) pendant 12 mois. Vous pourrez les regarder autant que vous voulez, mettre en pause et \u00e9tudier, revoir en fonction de vos envies et de vos disponibilit\u00e9s. Vous pourrez les visionner toutes \u00e0 la suite ou avancer \u00e0 votre rythme.\u00a0 A chaque classe sont associ\u00e9es des notes de cours que vous pouvez t\u00e9l\u00e9charger, imprimer et conserver. Le mat\u00e9riel n\u00e9cessaire est sugg\u00e9r\u00e9 pour chaque classe, mais soyez rassur\u00e9, vous avez d\u00e9j\u00e0 la plupart des outils indispensables (crayons, papier, gomme, crayons de couleurs, gouaches&#8230;).<\/p>\n<p><img loading=\"lazy\" decoding=\"async\" class=\"aligncenter wp-image-179\" src=\"https:\/\/www.calligrafee.com\/cours\/wp-content\/uploads\/sites\/6\/2021\/02\/dragon-image-01.jpg\" alt=\"Fire dragon\" width=\"176\" height=\"177\" \/><\/p>\n<p style=\"text-align: justify;\"><img loading=\"lazy\" decoding=\"async\" class=\"alignleft wp-image-183\" src=\"https:\/\/www.calligrafee.com\/cours\/wp-content\/uploads\/sites\/6\/2021\/02\/h.jpg\" alt=\"Illuminated h\" width=\"87\" height=\"104\" \/><\/p>\n<p><img loading=\"lazy\" decoding=\"async\" class=\"alignright wp-image-184\" src=\"https:\/\/www.calligrafee.com\/cours\/wp-content\/uploads\/sites\/6\/2021\/02\/image1.jpg\" alt=\"Illuminated C\" width=\"122\" height=\"128\" \/>Jane vous invite, si ce n&rsquo;est pas d\u00e9j\u00e0 fait, \u00e0 vous rendre \u00e0 la page <a href=\"https:\/\/www.calligrafee.com\/cours\/enluminure\/\"><span style=\"text-decoration: underline;\"><span style=\"color: #0000ff; text-decoration: underline;\"><strong>essai gratuit<\/strong><\/span><\/span><\/a> pour acc\u00e9der \u00e0 un cours d&rsquo;initiation avec elle.\u00a0 Bien-s\u00fbr, vous pouvez <a href=\"https:\/\/www.calligrafee.com\/cours\/membership-join\/\"><strong><span style=\"text-decoration: underline; color: #0000ff;\">rejoindre l&rsquo;\u00e9cole <\/span><\/strong><\/a>directement pour un premier module ou, qui sait, pour l&rsquo;\u00e9cole compl\u00e8te.<\/p>\n<p><span style=\"color: #0000ff;\"><strong>Jane sera tr\u00e8s heureuse de travailler avec vous!\u00a0 A tr\u00e8s bient\u00f4t \u00e0 l&rsquo;\u00e9cole d&rsquo;art en ligne Calligraf\u00e9e.<\/strong><\/span><\/p>\n<p style=\"text-align: right;\"><span style=\"text-decoration: underline;\"><span style=\"color: #0000ff;\"><a style=\"color: #0000ff; text-decoration: underline;\" href=\"https:\/\/www.calligrafee.com\/cours\/\">Accueil<\/a><\/span><\/span><\/p>\n<p>&nbsp;<\/p>\n","protected":false},"excerpt":{"rendered":"<p>Bienvenu dans l&rsquo;\u00e9cole en ligne Calligraf\u00e9e ! Jane vous invite \u00e0 la rejoindre pour des cours joyeux et d\u00e9taill\u00e9s dans son Ecole d&rsquo;art en Calligraphie et Enluminure cr\u00e9ative et Art fantastique Vous pouvez \u00eatre d\u00e9butant et vouloir d\u00e9couvrir l&rsquo;art graphique ou, peut-\u00eatre, vous aimez dessiner et vous souhaitez un peu d&rsquo;aide pour apprendre \u00e0 laisser &hellip; <a href=\"https:\/\/www.calligrafee.com\/cours\/\" class=\"more-link\">Continue reading <span class=\"screen-reader-text\">Calligraphie et Enluminure Cr\u00e9ative et Art fantastique<\/span> <span class=\"meta-nav\">&rarr;<\/span><\/a><\/p>\n","protected":false},"author":1,"featured_media":0,"parent":0,"menu_order":0,"comment_status":"open","ping_status":"closed","template":"","meta":{"footnotes":""},"class_list":["post-19","page","type-page","status-publish","hentry"],"yoast_head":"<!-- This site is optimized with the Yoast SEO plugin v24.4 - https:\/\/yoast.com\/wordpress\/plugins\/seo\/ -->\n<title>Ecole d&#039;art Calligraf\u00e9e<\/title>\n<meta name=\"description\" content=\"Calligraf\u00e9e vous propose une \u00e9cole d&#039;art en Calligraphie et Enluminure cr\u00e9ative et Art fantastique. Elle est pr\u00e9sent\u00e9e par Jane Sullivan.\" \/>\n<meta name=\"robots\" content=\"index, follow, max-snippet:-1, max-image-preview:large, max-video-preview:-1\" \/>\n<link rel=\"canonical\" href=\"https:\/\/www.calligrafee.com\/cours\/\" \/>\n<meta property=\"og:locale\" content=\"fr_FR\" \/>\n<meta property=\"og:type\" content=\"article\" \/>\n<meta property=\"og:title\" content=\"Ecole d&#039;art Calligraf\u00e9e\" \/>\n<meta property=\"og:description\" content=\"Calligraf\u00e9e vous propose une \u00e9cole d&#039;art en Calligraphie et Enluminure cr\u00e9ative et Art fantastique. Elle est pr\u00e9sent\u00e9e par Jane Sullivan.\" \/>\n<meta property=\"og:url\" content=\"https:\/\/www.calligrafee.com\/cours\/\" \/>\n<meta property=\"og:site_name\" content=\"Ecole d&#039;art Calligraf\u00e9e\" \/>\n<meta property=\"article:modified_time\" content=\"2022-03-04T11:55:27+00:00\" \/>\n<meta name=\"twitter:card\" content=\"summary_large_image\" \/>\n<meta name=\"twitter:label1\" content=\"Dur\u00e9e de lecture estim\u00e9e\" \/>\n\t<meta name=\"twitter:data1\" content=\"7 minutes\" \/>\n<script type=\"application\/ld+json\" class=\"yoast-schema-graph\">{\"@context\":\"https:\/\/schema.org\",\"@graph\":[{\"@type\":\"WebPage\",\"@id\":\"https:\/\/www.calligrafee.com\/cours\/\",\"url\":\"https:\/\/www.calligrafee.com\/cours\/\",\"name\":\"Ecole d&#039;art Calligraf\u00e9e\",\"isPartOf\":{\"@id\":\"https:\/\/www.calligrafee.com\/cours\/#website\"},\"primaryImageOfPage\":{\"@id\":\"https:\/\/www.calligrafee.com\/cours\/#primaryimage\"},\"image\":{\"@id\":\"https:\/\/www.calligrafee.com\/cours\/#primaryimage\"},\"thumbnailUrl\":\"https:\/\/www.calligrafee.com\/cours\/wp-content\/uploads\/sites\/6\/2021\/02\/detail10_900.jpg\",\"datePublished\":\"2019-04-14T08:38:35+00:00\",\"dateModified\":\"2022-03-04T11:55:27+00:00\",\"description\":\"Calligraf\u00e9e vous propose une \u00e9cole d'art en Calligraphie et Enluminure cr\u00e9ative et Art fantastique. Elle est pr\u00e9sent\u00e9e par Jane Sullivan.\",\"breadcrumb\":{\"@id\":\"https:\/\/www.calligrafee.com\/cours\/#breadcrumb\"},\"inLanguage\":\"fr-FR\",\"potentialAction\":[{\"@type\":\"ReadAction\",\"target\":[\"https:\/\/www.calligrafee.com\/cours\/\"]}]},{\"@type\":\"ImageObject\",\"inLanguage\":\"fr-FR\",\"@id\":\"https:\/\/www.calligrafee.com\/cours\/#primaryimage\",\"url\":\"https:\/\/www.calligrafee.com\/cours\/wp-content\/uploads\/sites\/6\/2021\/02\/detail10_900.jpg\",\"contentUrl\":\"https:\/\/www.calligrafee.com\/cours\/wp-content\/uploads\/sites\/6\/2021\/02\/detail10_900.jpg\",\"width\":900,\"height\":260,\"caption\":\"Frise enlumin\u00e9e\"},{\"@type\":\"BreadcrumbList\",\"@id\":\"https:\/\/www.calligrafee.com\/cours\/#breadcrumb\",\"itemListElement\":[{\"@type\":\"ListItem\",\"position\":1,\"name\":\"Accueil\",\"item\":\"https:\/\/www.calligrafee.com\/cours\/\"},{\"@type\":\"ListItem\",\"position\":2,\"name\":\"Calligraphie et Enluminure Cr\u00e9ative et Art fantastique\"}]},{\"@type\":\"WebSite\",\"@id\":\"https:\/\/www.calligrafee.com\/cours\/#website\",\"url\":\"https:\/\/www.calligrafee.com\/cours\/\",\"name\":\"Ecole d&#039;art Calligraf\u00e9e\",\"description\":\"Apprenez la calligraphie, l&#039;enluminure et l&#039;art fantastique\",\"potentialAction\":[{\"@type\":\"SearchAction\",\"target\":{\"@type\":\"EntryPoint\",\"urlTemplate\":\"https:\/\/www.calligrafee.com\/cours\/?s={search_term_string}\"},\"query-input\":{\"@type\":\"PropertyValueSpecification\",\"valueRequired\":true,\"valueName\":\"search_term_string\"}}],\"inLanguage\":\"fr-FR\"}]}<\/script>\n<!-- \/ Yoast SEO plugin. -->","yoast_head_json":{"title":"Ecole d&#039;art Calligraf\u00e9e","description":"Calligraf\u00e9e vous propose une \u00e9cole d'art en Calligraphie et Enluminure cr\u00e9ative et Art fantastique. Elle est pr\u00e9sent\u00e9e par Jane Sullivan.","robots":{"index":"index","follow":"follow","max-snippet":"max-snippet:-1","max-image-preview":"max-image-preview:large","max-video-preview":"max-video-preview:-1"},"canonical":"https:\/\/www.calligrafee.com\/cours\/","og_locale":"fr_FR","og_type":"article","og_title":"Ecole d&#039;art Calligraf\u00e9e","og_description":"Calligraf\u00e9e vous propose une \u00e9cole d'art en Calligraphie et Enluminure cr\u00e9ative et Art fantastique. Elle est pr\u00e9sent\u00e9e par Jane Sullivan.","og_url":"https:\/\/www.calligrafee.com\/cours\/","og_site_name":"Ecole d&#039;art Calligraf\u00e9e","article_modified_time":"2022-03-04T11:55:27+00:00","twitter_card":"summary_large_image","twitter_misc":{"Dur\u00e9e de lecture estim\u00e9e":"7 minutes"},"schema":{"@context":"https:\/\/schema.org","@graph":[{"@type":"WebPage","@id":"https:\/\/www.calligrafee.com\/cours\/","url":"https:\/\/www.calligrafee.com\/cours\/","name":"Ecole d&#039;art Calligraf\u00e9e","isPartOf":{"@id":"https:\/\/www.calligrafee.com\/cours\/#website"},"primaryImageOfPage":{"@id":"https:\/\/www.calligrafee.com\/cours\/#primaryimage"},"image":{"@id":"https:\/\/www.calligrafee.com\/cours\/#primaryimage"},"thumbnailUrl":"https:\/\/www.calligrafee.com\/cours\/wp-content\/uploads\/sites\/6\/2021\/02\/detail10_900.jpg","datePublished":"2019-04-14T08:38:35+00:00","dateModified":"2022-03-04T11:55:27+00:00","description":"Calligraf\u00e9e vous propose une \u00e9cole d'art en Calligraphie et Enluminure cr\u00e9ative et Art fantastique. Elle est pr\u00e9sent\u00e9e par Jane Sullivan.","breadcrumb":{"@id":"https:\/\/www.calligrafee.com\/cours\/#breadcrumb"},"inLanguage":"fr-FR","potentialAction":[{"@type":"ReadAction","target":["https:\/\/www.calligrafee.com\/cours\/"]}]},{"@type":"ImageObject","inLanguage":"fr-FR","@id":"https:\/\/www.calligrafee.com\/cours\/#primaryimage","url":"https:\/\/www.calligrafee.com\/cours\/wp-content\/uploads\/sites\/6\/2021\/02\/detail10_900.jpg","contentUrl":"https:\/\/www.calligrafee.com\/cours\/wp-content\/uploads\/sites\/6\/2021\/02\/detail10_900.jpg","width":900,"height":260,"caption":"Frise enlumin\u00e9e"},{"@type":"BreadcrumbList","@id":"https:\/\/www.calligrafee.com\/cours\/#breadcrumb","itemListElement":[{"@type":"ListItem","position":1,"name":"Accueil","item":"https:\/\/www.calligrafee.com\/cours\/"},{"@type":"ListItem","position":2,"name":"Calligraphie et Enluminure Cr\u00e9ative et Art fantastique"}]},{"@type":"WebSite","@id":"https:\/\/www.calligrafee.com\/cours\/#website","url":"https:\/\/www.calligrafee.com\/cours\/","name":"Ecole d&#039;art Calligraf\u00e9e","description":"Apprenez la calligraphie, l&#039;enluminure et l&#039;art fantastique","potentialAction":[{"@type":"SearchAction","target":{"@type":"EntryPoint","urlTemplate":"https:\/\/www.calligrafee.com\/cours\/?s={search_term_string}"},"query-input":{"@type":"PropertyValueSpecification","valueRequired":true,"valueName":"search_term_string"}}],"inLanguage":"fr-FR"}]}},"_links":{"self":[{"href":"https:\/\/www.calligrafee.com\/cours\/wp-json\/wp\/v2\/pages\/19"}],"collection":[{"href":"https:\/\/www.calligrafee.com\/cours\/wp-json\/wp\/v2\/pages"}],"about":[{"href":"https:\/\/www.calligrafee.com\/cours\/wp-json\/wp\/v2\/types\/page"}],"author":[{"embeddable":true,"href":"https:\/\/www.calligrafee.com\/cours\/wp-json\/wp\/v2\/users\/1"}],"replies":[{"embeddable":true,"href":"https:\/\/www.calligrafee.com\/cours\/wp-json\/wp\/v2\/comments?post=19"}],"version-history":[{"count":1,"href":"https:\/\/www.calligrafee.com\/cours\/wp-json\/wp\/v2\/pages\/19\/revisions"}],"predecessor-version":[{"id":1007,"href":"https:\/\/www.calligrafee.com\/cours\/wp-json\/wp\/v2\/pages\/19\/revisions\/1007"}],"wp:attachment":[{"href":"https:\/\/www.calligrafee.com\/cours\/wp-json\/wp\/v2\/media?parent=19"}],"curies":[{"name":"wp","href":"https:\/\/api.w.org\/{rel}","templated":true}]}}