{"id":204,"date":"2019-07-23T15:46:14","date_gmt":"2019-07-23T13:46:14","guid":{"rendered":"https:\/\/www.calligrafee.com\/cours\/?page_id=204"},"modified":"2022-03-07T15:59:08","modified_gmt":"2022-03-07T14:59:08","slug":"module-2","status":"publish","type":"page","link":"https:\/\/www.calligrafee.com\/cours\/module-2\/","title":{"rendered":"Module 2"},"content":{"rendered":"<h1 style=\"text-align: center;\"><span style=\"color: #ff0000;\">Une enluminure marine encadr\u00e9e de calligraphie<br \/>\n<\/span><\/h1>\n<p><img class=\"wp-image-251 aligncenter\" src=\"https:\/\/www.calligrafee.com\/cours\/wp-content\/uploads\/sites\/6\/2019\/07\/tableau-final-150.jpg\" alt=\"\" width=\"367\" height=\"429\" \/><\/p>\n<p>Ce module est compos\u00e9 de 6 cours vous permettant de cr\u00e9er cette enluminure marine enchant\u00e9e :<\/p>\n<ul>\n<li><span style=\"color: #0000ff;\">Cours 1: Esquisse de l&rsquo;initiale, plac\u00e9e dans un cadre en parchemin dessin\u00e9 au crayon. Pr\u00e9paration de la composition.<br \/>\n<\/span><\/li>\n<li><span style=\"color: #0000ff;\">Cours 2: Pratique de la Calligraphie\u00a0 : La b\u00e2tarde fran\u00e7aise, pratique des lettres minuscules.<br \/>\n<\/span><\/li>\n<li><span style=\"color: #0000ff;\">Cours 3: Essais d&rsquo;art fantastique pour une sc\u00e8ne miniature dans et autour de votre lettre : sir\u00e8nes et monstres marins, dauphins et poissons amicaux.<br \/>\n<\/span><\/li>\n<li><span style=\"color: #0000ff;\">Cours 4: Calligraphie: \u00e9criture d&rsquo;un texte.<br \/>\n<\/span><\/li>\n<li><span style=\"color: #0000ff;\">Cours 5: Premi\u00e8re \u00e9tape du projet final : \u00e9criture du texte calligraphi\u00e9 et composition de l&rsquo;image centrale au crayon.<br \/>\n<\/span><\/li>\n<li><span style=\"color: #0000ff;\">Cours 6: Deuxi\u00e8me \u00e9tape du projet final : Dessiner, faire les contours \u00e0 l&rsquo;encre et peindre votre paysage enchant\u00e9 et la lettre dor\u00e9e.<br \/>\n<\/span><\/li>\n<\/ul>\n<p><img class=\"wp-image-248 aligncenter\" src=\"https:\/\/www.calligrafee.com\/cours\/wp-content\/uploads\/sites\/6\/2019\/07\/maj-G-150.jpg\" alt=\"\" width=\"110\" height=\"120\" \/><img class=\"wp-image-249 aligncenter\" src=\"https:\/\/www.calligrafee.com\/cours\/wp-content\/uploads\/sites\/6\/2019\/07\/partie-de-texte-150.jpg\" alt=\"\" width=\"246\" height=\"92\" \/><\/p>\n<h2><a href=\"https:\/\/www.calligrafee.com\/cours\/membership-join\/\"><strong><span style=\"text-decoration: underline;\"><span style=\"color: #0000ff; text-decoration: underline;\">Enregistrez-vous pour tous les modules ou seulement ce module :<\/span><\/span><\/strong><\/a><\/h2>\n<p>Achetez pour 12 mois l&rsquo;acc\u00e8s \u00e0 tous les modules pour <span style=\"color: #ff0000;\"><strong>65 \u20ac<\/strong><\/span>, ou aux 6 vid\u00e9os et aux 10 documents de cours du module 2 au prix de<span style=\"color: #ff0000;\"> <strong>16 \u20ac<\/strong><\/span> seulement et r\u00e9alisez votre propre oeuvre :<\/p>\n<p>En utilisant <strong>STRIPE<\/strong> avec votre carte de cr\u00e9dit sur la page \u00ab\u00a0<strong><a href=\"https:\/\/www.calligrafee.com\/cours\/membership-join\/\"><span style=\"text-decoration: underline;\"><span style=\"color: #0000ff; text-decoration: underline;\">rejoignez-nous<\/span><\/span><\/a><\/strong>\u00ab\u00a0, paiement s\u00e9curis\u00e9.<\/p>\n<p>En utilisant <strong>PAYPAL<\/strong> sur la page \u00ab\u00a0<strong><a href=\"https:\/\/www.calligrafee.com\/cours\/membership-join\/\"><span style=\"text-decoration: underline;\"><span style=\"color: #0000ff; text-decoration: underline;\">rejoignez-nous<\/span><\/span><\/a><\/strong>\u00ab\u00a0, paiement s\u00e9curis\u00e9.<\/p>\n<div class=\"swpm-more-tag-not-logged-in swpm-margin-top-10\">You need to be logged in to view the rest of the content. Veuillez <a class=\"swpm-login-link\" href=\"https:\/\/www.calligrafee.com\/cours\/membership-login\/\">Log In<\/a>. Not a Member? <a href=\"https:\/\/www.calligrafee.com\/cours\/membership-join\/\">Nous Rejoindre<\/a><\/div>","protected":false},"excerpt":{"rendered":"<p>Une enluminure marine encadr\u00e9e de calligraphie Ce module est compos\u00e9 de 6 cours vous permettant de cr\u00e9er cette enluminure marine enchant\u00e9e : Cours 1: Esquisse de l&rsquo;initiale, plac\u00e9e dans un cadre en parchemin dessin\u00e9 au crayon. Pr\u00e9paration de la composition. Cours 2: Pratique de la Calligraphie\u00a0 : La b\u00e2tarde fran\u00e7aise, pratique des lettres minuscules. Cours &hellip; <a href=\"https:\/\/www.calligrafee.com\/cours\/module-2\/\" class=\"more-link\">Continue reading <span class=\"screen-reader-text\">Module 2<\/span> <span class=\"meta-nav\">&rarr;<\/span><\/a><\/p>\n","protected":false},"author":1,"featured_media":0,"parent":0,"menu_order":0,"comment_status":"open","ping_status":"closed","template":"","meta":{"footnotes":""},"class_list":["post-204","page","type-page","status-publish","hentry"],"yoast_head":"<!-- This site is optimized with the Yoast SEO plugin v24.4 - https:\/\/yoast.com\/wordpress\/plugins\/seo\/ -->\n<title>Module 2 - Ecole d&#039;art Calligraf\u00e9e<\/title>\n<meta name=\"robots\" content=\"index, follow, max-snippet:-1, max-image-preview:large, max-video-preview:-1\" \/>\n<link rel=\"canonical\" href=\"https:\/\/www.calligrafee.com\/cours\/module-2\/\" \/>\n<meta property=\"og:locale\" content=\"fr_FR\" \/>\n<meta property=\"og:type\" content=\"article\" \/>\n<meta property=\"og:title\" content=\"Module 2 - Ecole d&#039;art Calligraf\u00e9e\" \/>\n<meta property=\"og:description\" content=\"Une enluminure marine encadr\u00e9e de calligraphie Ce module est compos\u00e9 de 6 cours vous permettant de cr\u00e9er cette enluminure marine enchant\u00e9e : Cours 1: Esquisse de l&rsquo;initiale, plac\u00e9e dans un cadre en parchemin dessin\u00e9 au crayon. Pr\u00e9paration de la composition. Cours 2: Pratique de la Calligraphie\u00a0 : La b\u00e2tarde fran\u00e7aise, pratique des lettres minuscules. Cours &hellip; Continue reading Module 2 &rarr;\" \/>\n<meta property=\"og:url\" content=\"https:\/\/www.calligrafee.com\/cours\/module-2\/\" \/>\n<meta property=\"og:site_name\" content=\"Ecole d&#039;art Calligraf\u00e9e\" \/>\n<meta property=\"article:modified_time\" content=\"2022-03-07T14:59:08+00:00\" \/>\n<meta property=\"og:image\" content=\"https:\/\/www.calligrafee.com\/cours\/wp-content\/uploads\/sites\/6\/2019\/07\/tableau-final-150.jpg\" \/>\n<meta name=\"twitter:card\" content=\"summary_large_image\" \/>\n<meta name=\"twitter:label1\" content=\"Dur\u00e9e de lecture estim\u00e9e\" \/>\n\t<meta name=\"twitter:data1\" content=\"3 minutes\" \/>\n<script type=\"application\/ld+json\" class=\"yoast-schema-graph\">{\"@context\":\"https:\/\/schema.org\",\"@graph\":[{\"@type\":\"WebPage\",\"@id\":\"https:\/\/www.calligrafee.com\/cours\/module-2\/\",\"url\":\"https:\/\/www.calligrafee.com\/cours\/module-2\/\",\"name\":\"Module 2 - Ecole d&#039;art Calligraf\u00e9e\",\"isPartOf\":{\"@id\":\"https:\/\/www.calligrafee.com\/cours\/#website\"},\"primaryImageOfPage\":{\"@id\":\"https:\/\/www.calligrafee.com\/cours\/module-2\/#primaryimage\"},\"image\":{\"@id\":\"https:\/\/www.calligrafee.com\/cours\/module-2\/#primaryimage\"},\"thumbnailUrl\":\"https:\/\/www.calligrafee.com\/cours\/wp-content\/uploads\/sites\/6\/2019\/07\/tableau-final-150.jpg\",\"datePublished\":\"2019-07-23T13:46:14+00:00\",\"dateModified\":\"2022-03-07T14:59:08+00:00\",\"breadcrumb\":{\"@id\":\"https:\/\/www.calligrafee.com\/cours\/module-2\/#breadcrumb\"},\"inLanguage\":\"fr-FR\",\"potentialAction\":[{\"@type\":\"ReadAction\",\"target\":[\"https:\/\/www.calligrafee.com\/cours\/module-2\/\"]}]},{\"@type\":\"ImageObject\",\"inLanguage\":\"fr-FR\",\"@id\":\"https:\/\/www.calligrafee.com\/cours\/module-2\/#primaryimage\",\"url\":\"https:\/\/www.calligrafee.com\/cours\/wp-content\/uploads\/sites\/6\/2019\/07\/tableau-final-150.jpg\",\"contentUrl\":\"https:\/\/www.calligrafee.com\/cours\/wp-content\/uploads\/sites\/6\/2019\/07\/tableau-final-150.jpg\",\"width\":1004,\"height\":1173},{\"@type\":\"BreadcrumbList\",\"@id\":\"https:\/\/www.calligrafee.com\/cours\/module-2\/#breadcrumb\",\"itemListElement\":[{\"@type\":\"ListItem\",\"position\":1,\"name\":\"Accueil\",\"item\":\"https:\/\/www.calligrafee.com\/cours\/\"},{\"@type\":\"ListItem\",\"position\":2,\"name\":\"Module 2\"}]},{\"@type\":\"WebSite\",\"@id\":\"https:\/\/www.calligrafee.com\/cours\/#website\",\"url\":\"https:\/\/www.calligrafee.com\/cours\/\",\"name\":\"Ecole d&#039;art Calligraf\u00e9e\",\"description\":\"Apprenez la calligraphie, l&#039;enluminure et l&#039;art fantastique\",\"potentialAction\":[{\"@type\":\"SearchAction\",\"target\":{\"@type\":\"EntryPoint\",\"urlTemplate\":\"https:\/\/www.calligrafee.com\/cours\/?s={search_term_string}\"},\"query-input\":{\"@type\":\"PropertyValueSpecification\",\"valueRequired\":true,\"valueName\":\"search_term_string\"}}],\"inLanguage\":\"fr-FR\"}]}<\/script>\n<!-- \/ Yoast SEO plugin. -->","yoast_head_json":{"title":"Module 2 - Ecole d&#039;art Calligraf\u00e9e","robots":{"index":"index","follow":"follow","max-snippet":"max-snippet:-1","max-image-preview":"max-image-preview:large","max-video-preview":"max-video-preview:-1"},"canonical":"https:\/\/www.calligrafee.com\/cours\/module-2\/","og_locale":"fr_FR","og_type":"article","og_title":"Module 2 - Ecole d&#039;art Calligraf\u00e9e","og_description":"Une enluminure marine encadr\u00e9e de calligraphie Ce module est compos\u00e9 de 6 cours vous permettant de cr\u00e9er cette enluminure marine enchant\u00e9e : Cours 1: Esquisse de l&rsquo;initiale, plac\u00e9e dans un cadre en parchemin dessin\u00e9 au crayon. Pr\u00e9paration de la composition. Cours 2: Pratique de la Calligraphie\u00a0 : La b\u00e2tarde fran\u00e7aise, pratique des lettres minuscules. Cours &hellip; Continue reading Module 2 &rarr;","og_url":"https:\/\/www.calligrafee.com\/cours\/module-2\/","og_site_name":"Ecole d&#039;art Calligraf\u00e9e","article_modified_time":"2022-03-07T14:59:08+00:00","og_image":[{"url":"https:\/\/www.calligrafee.com\/cours\/wp-content\/uploads\/sites\/6\/2019\/07\/tableau-final-150.jpg","type":"","width":"","height":""}],"twitter_card":"summary_large_image","twitter_misc":{"Dur\u00e9e de lecture estim\u00e9e":"3 minutes"},"schema":{"@context":"https:\/\/schema.org","@graph":[{"@type":"WebPage","@id":"https:\/\/www.calligrafee.com\/cours\/module-2\/","url":"https:\/\/www.calligrafee.com\/cours\/module-2\/","name":"Module 2 - Ecole d&#039;art Calligraf\u00e9e","isPartOf":{"@id":"https:\/\/www.calligrafee.com\/cours\/#website"},"primaryImageOfPage":{"@id":"https:\/\/www.calligrafee.com\/cours\/module-2\/#primaryimage"},"image":{"@id":"https:\/\/www.calligrafee.com\/cours\/module-2\/#primaryimage"},"thumbnailUrl":"https:\/\/www.calligrafee.com\/cours\/wp-content\/uploads\/sites\/6\/2019\/07\/tableau-final-150.jpg","datePublished":"2019-07-23T13:46:14+00:00","dateModified":"2022-03-07T14:59:08+00:00","breadcrumb":{"@id":"https:\/\/www.calligrafee.com\/cours\/module-2\/#breadcrumb"},"inLanguage":"fr-FR","potentialAction":[{"@type":"ReadAction","target":["https:\/\/www.calligrafee.com\/cours\/module-2\/"]}]},{"@type":"ImageObject","inLanguage":"fr-FR","@id":"https:\/\/www.calligrafee.com\/cours\/module-2\/#primaryimage","url":"https:\/\/www.calligrafee.com\/cours\/wp-content\/uploads\/sites\/6\/2019\/07\/tableau-final-150.jpg","contentUrl":"https:\/\/www.calligrafee.com\/cours\/wp-content\/uploads\/sites\/6\/2019\/07\/tableau-final-150.jpg","width":1004,"height":1173},{"@type":"BreadcrumbList","@id":"https:\/\/www.calligrafee.com\/cours\/module-2\/#breadcrumb","itemListElement":[{"@type":"ListItem","position":1,"name":"Accueil","item":"https:\/\/www.calligrafee.com\/cours\/"},{"@type":"ListItem","position":2,"name":"Module 2"}]},{"@type":"WebSite","@id":"https:\/\/www.calligrafee.com\/cours\/#website","url":"https:\/\/www.calligrafee.com\/cours\/","name":"Ecole d&#039;art Calligraf\u00e9e","description":"Apprenez la calligraphie, l&#039;enluminure et l&#039;art fantastique","potentialAction":[{"@type":"SearchAction","target":{"@type":"EntryPoint","urlTemplate":"https:\/\/www.calligrafee.com\/cours\/?s={search_term_string}"},"query-input":{"@type":"PropertyValueSpecification","valueRequired":true,"valueName":"search_term_string"}}],"inLanguage":"fr-FR"}]}},"_links":{"self":[{"href":"https:\/\/www.calligrafee.com\/cours\/wp-json\/wp\/v2\/pages\/204"}],"collection":[{"href":"https:\/\/www.calligrafee.com\/cours\/wp-json\/wp\/v2\/pages"}],"about":[{"href":"https:\/\/www.calligrafee.com\/cours\/wp-json\/wp\/v2\/types\/page"}],"author":[{"embeddable":true,"href":"https:\/\/www.calligrafee.com\/cours\/wp-json\/wp\/v2\/users\/1"}],"replies":[{"embeddable":true,"href":"https:\/\/www.calligrafee.com\/cours\/wp-json\/wp\/v2\/comments?post=204"}],"version-history":[{"count":0,"href":"https:\/\/www.calligrafee.com\/cours\/wp-json\/wp\/v2\/pages\/204\/revisions"}],"wp:attachment":[{"href":"https:\/\/www.calligrafee.com\/cours\/wp-json\/wp\/v2\/media?parent=204"}],"curies":[{"name":"wp","href":"https:\/\/api.w.org\/{rel}","templated":true}]}}