{"id":522,"date":"2020-11-10T15:47:08","date_gmt":"2020-11-10T14:47:08","guid":{"rendered":"https:\/\/www.calligrafee.com\/cours\/?page_id=522"},"modified":"2022-03-07T16:00:20","modified_gmt":"2022-03-07T15:00:20","slug":"module-4","status":"publish","type":"page","link":"https:\/\/www.calligrafee.com\/cours\/module-4\/","title":{"rendered":"Module 4"},"content":{"rendered":"<h1><span style=\"color: #ff0000;\">Dessiner de joyeux dragons dans un monde fantastique<\/span><\/h1>\n<p><img class=\"wp-image-525 aligncenter\" src=\"https:\/\/www.calligrafee.com\/cours\/wp-content\/uploads\/sites\/6\/2020\/11\/dragon-image-01.jpg\" alt=\"\" width=\"318\" height=\"320\" \/><\/p>\n<p>Ce module est compos\u00e9 de 6 cours vous permettant de cr\u00e9er votre propre dragon dans le d\u00e9cors fantastique de votre choix :<\/p>\n<ul>\n<li><span style=\"color: #0000ff;\">Cours 1 : Apprendre \u00e0 dessiner quelques d\u00e9tails de base des dragons : t\u00eate, griffes et ailes.<br \/>\n<\/span><\/li>\n<li><span style=\"color: #0000ff;\">Cours 2 : Dessiner l&rsquo;anatomie du dragon et donner un mouvement fluide \u00e0 votre composition.<br \/>\n<\/span><\/li>\n<li><span style=\"color: #0000ff;\">Cours 3 : Calligraphie en gothique : les lettres minuscules.<br \/>\n<\/span><\/li>\n<li><span style=\"color: #0000ff;\">Cours 4 : Le projet final, \u00e9tape un : la composition compl\u00e8te au crayon.<br \/>\n<\/span><\/li>\n<li><span style=\"color: #0000ff;\">Cours 5 : Etape deux : passage des contours \u00e0 l&rsquo;encre et affinage des d\u00e9tails. Apprendre \u00e0 dessiner une banderole pour le titre.<br \/>\n<\/span><\/li>\n<li><span style=\"color: #0000ff;\">Cours 6 : Derni\u00e8re \u00e9tape : peindre le fond avec un lavis de peinture, peindre la composition \u00e0 la gouache, ajout de d\u00e9tails d\u00e9licats. Ecriture du titre en calligraphie gothique.<\/span><\/li>\n<\/ul>\n<h2><a href=\"https:\/\/www.calligrafee.com\/cours\/membership-join\/\"><strong><span style=\"text-decoration: underline;\"><span style=\"color: #0000ff; text-decoration: underline;\">Enregistrez vous pour tous les modules ou seulement ce module :<\/span><\/span><\/strong><\/a><\/h2>\n<p>Achetez pour 12 mois l&rsquo;acc\u00e8s \u00e0 tous les modules pour <span style=\"color: #ff0000;\"><strong>65 \u20ac<\/strong><\/span>, ou aux 6 vid\u00e9os et aux 6 documents de cours du module 4 au prix de <span style=\"color: #ff0000;\"><strong>16 \u20ac<\/strong><\/span> seulement et r\u00e9alisez votre propre oeuvre :<\/p>\n<p>En utilisant <strong>STRIPE<\/strong> avec votre carte de cr\u00e9dit sur la page \u00ab\u00a0<strong><a href=\"https:\/\/www.calligrafee.com\/cours\/membership-join\/\"><span style=\"text-decoration: underline;\"><span style=\"color: #0000ff; text-decoration: underline;\">rejoignez-nous<\/span><\/span><\/a><\/strong>\u00ab\u00a0, paiement s\u00e9curis\u00e9.<\/p>\n<p>En utilisant <strong>PAYPAL<\/strong> sur la page \u00ab\u00a0<strong><a href=\"https:\/\/www.calligrafee.com\/cours\/membership-join\/\"><span style=\"text-decoration: underline;\"><span style=\"color: #0000ff; text-decoration: underline;\">rejoignez-nous<\/span><\/span><\/a><\/strong>\u00ab\u00a0, paiement s\u00e9curis\u00e9.<\/p>\n<div class=\"swpm-more-tag-not-logged-in swpm-margin-top-10\">You need to be logged in to view the rest of the content. Veuillez <a class=\"swpm-login-link\" href=\"https:\/\/www.calligrafee.com\/cours\/membership-login\/\">Log In<\/a>. Not a Member? <a href=\"https:\/\/www.calligrafee.com\/cours\/membership-join\/\">Nous Rejoindre<\/a><\/div>","protected":false},"excerpt":{"rendered":"<p>Dessiner de joyeux dragons dans un monde fantastique Ce module est compos\u00e9 de 6 cours vous permettant de cr\u00e9er votre propre dragon dans le d\u00e9cors fantastique de votre choix : Cours 1 : Apprendre \u00e0 dessiner quelques d\u00e9tails de base des dragons : t\u00eate, griffes et ailes. Cours 2 : Dessiner l&rsquo;anatomie du dragon et &hellip; <a href=\"https:\/\/www.calligrafee.com\/cours\/module-4\/\" class=\"more-link\">Continue reading <span class=\"screen-reader-text\">Module 4<\/span> <span class=\"meta-nav\">&rarr;<\/span><\/a><\/p>\n","protected":false},"author":1,"featured_media":0,"parent":0,"menu_order":0,"comment_status":"closed","ping_status":"closed","template":"","meta":{"footnotes":""},"class_list":["post-522","page","type-page","status-publish","hentry"],"yoast_head":"<!-- This site is optimized with the Yoast SEO plugin v24.4 - https:\/\/yoast.com\/wordpress\/plugins\/seo\/ -->\n<title>Module 4 - Ecole d&#039;art Calligraf\u00e9e<\/title>\n<meta name=\"robots\" content=\"index, follow, max-snippet:-1, max-image-preview:large, max-video-preview:-1\" \/>\n<link rel=\"canonical\" href=\"https:\/\/www.calligrafee.com\/cours\/module-4\/\" \/>\n<meta property=\"og:locale\" content=\"fr_FR\" \/>\n<meta property=\"og:type\" content=\"article\" \/>\n<meta property=\"og:title\" content=\"Module 4 - Ecole d&#039;art Calligraf\u00e9e\" \/>\n<meta property=\"og:description\" content=\"Dessiner de joyeux dragons dans un monde fantastique Ce module est compos\u00e9 de 6 cours vous permettant de cr\u00e9er votre propre dragon dans le d\u00e9cors fantastique de votre choix : Cours 1 : Apprendre \u00e0 dessiner quelques d\u00e9tails de base des dragons : t\u00eate, griffes et ailes. Cours 2 : Dessiner l&rsquo;anatomie du dragon et &hellip; Continue reading Module 4 &rarr;\" \/>\n<meta property=\"og:url\" content=\"https:\/\/www.calligrafee.com\/cours\/module-4\/\" \/>\n<meta property=\"og:site_name\" content=\"Ecole d&#039;art Calligraf\u00e9e\" \/>\n<meta property=\"article:modified_time\" content=\"2022-03-07T15:00:20+00:00\" \/>\n<meta property=\"og:image\" content=\"https:\/\/www.calligrafee.com\/cours\/wp-content\/uploads\/sites\/6\/2020\/11\/dragon-image-01.jpg\" \/>\n<meta name=\"twitter:card\" content=\"summary_large_image\" \/>\n<meta name=\"twitter:label1\" content=\"Dur\u00e9e de lecture estim\u00e9e\" \/>\n\t<meta name=\"twitter:data1\" content=\"3 minutes\" \/>\n<script type=\"application\/ld+json\" class=\"yoast-schema-graph\">{\"@context\":\"https:\/\/schema.org\",\"@graph\":[{\"@type\":\"WebPage\",\"@id\":\"https:\/\/www.calligrafee.com\/cours\/module-4\/\",\"url\":\"https:\/\/www.calligrafee.com\/cours\/module-4\/\",\"name\":\"Module 4 - Ecole d&#039;art Calligraf\u00e9e\",\"isPartOf\":{\"@id\":\"https:\/\/www.calligrafee.com\/cours\/#website\"},\"primaryImageOfPage\":{\"@id\":\"https:\/\/www.calligrafee.com\/cours\/module-4\/#primaryimage\"},\"image\":{\"@id\":\"https:\/\/www.calligrafee.com\/cours\/module-4\/#primaryimage\"},\"thumbnailUrl\":\"https:\/\/www.calligrafee.com\/cours\/wp-content\/uploads\/sites\/6\/2020\/11\/dragon-image-01.jpg\",\"datePublished\":\"2020-11-10T14:47:08+00:00\",\"dateModified\":\"2022-03-07T15:00:20+00:00\",\"breadcrumb\":{\"@id\":\"https:\/\/www.calligrafee.com\/cours\/module-4\/#breadcrumb\"},\"inLanguage\":\"fr-FR\",\"potentialAction\":[{\"@type\":\"ReadAction\",\"target\":[\"https:\/\/www.calligrafee.com\/cours\/module-4\/\"]}]},{\"@type\":\"ImageObject\",\"inLanguage\":\"fr-FR\",\"@id\":\"https:\/\/www.calligrafee.com\/cours\/module-4\/#primaryimage\",\"url\":\"https:\/\/www.calligrafee.com\/cours\/wp-content\/uploads\/sites\/6\/2020\/11\/dragon-image-01.jpg\",\"contentUrl\":\"https:\/\/www.calligrafee.com\/cours\/wp-content\/uploads\/sites\/6\/2020\/11\/dragon-image-01.jpg\",\"width\":1344,\"height\":1353},{\"@type\":\"BreadcrumbList\",\"@id\":\"https:\/\/www.calligrafee.com\/cours\/module-4\/#breadcrumb\",\"itemListElement\":[{\"@type\":\"ListItem\",\"position\":1,\"name\":\"Accueil\",\"item\":\"https:\/\/www.calligrafee.com\/cours\/\"},{\"@type\":\"ListItem\",\"position\":2,\"name\":\"Module 4\"}]},{\"@type\":\"WebSite\",\"@id\":\"https:\/\/www.calligrafee.com\/cours\/#website\",\"url\":\"https:\/\/www.calligrafee.com\/cours\/\",\"name\":\"Ecole d&#039;art Calligraf\u00e9e\",\"description\":\"Apprenez la calligraphie, l&#039;enluminure et l&#039;art fantastique\",\"potentialAction\":[{\"@type\":\"SearchAction\",\"target\":{\"@type\":\"EntryPoint\",\"urlTemplate\":\"https:\/\/www.calligrafee.com\/cours\/?s={search_term_string}\"},\"query-input\":{\"@type\":\"PropertyValueSpecification\",\"valueRequired\":true,\"valueName\":\"search_term_string\"}}],\"inLanguage\":\"fr-FR\"}]}<\/script>\n<!-- \/ Yoast SEO plugin. -->","yoast_head_json":{"title":"Module 4 - Ecole d&#039;art Calligraf\u00e9e","robots":{"index":"index","follow":"follow","max-snippet":"max-snippet:-1","max-image-preview":"max-image-preview:large","max-video-preview":"max-video-preview:-1"},"canonical":"https:\/\/www.calligrafee.com\/cours\/module-4\/","og_locale":"fr_FR","og_type":"article","og_title":"Module 4 - Ecole d&#039;art Calligraf\u00e9e","og_description":"Dessiner de joyeux dragons dans un monde fantastique Ce module est compos\u00e9 de 6 cours vous permettant de cr\u00e9er votre propre dragon dans le d\u00e9cors fantastique de votre choix : Cours 1 : Apprendre \u00e0 dessiner quelques d\u00e9tails de base des dragons : t\u00eate, griffes et ailes. Cours 2 : Dessiner l&rsquo;anatomie du dragon et &hellip; Continue reading Module 4 &rarr;","og_url":"https:\/\/www.calligrafee.com\/cours\/module-4\/","og_site_name":"Ecole d&#039;art Calligraf\u00e9e","article_modified_time":"2022-03-07T15:00:20+00:00","og_image":[{"url":"https:\/\/www.calligrafee.com\/cours\/wp-content\/uploads\/sites\/6\/2020\/11\/dragon-image-01.jpg","type":"","width":"","height":""}],"twitter_card":"summary_large_image","twitter_misc":{"Dur\u00e9e de lecture estim\u00e9e":"3 minutes"},"schema":{"@context":"https:\/\/schema.org","@graph":[{"@type":"WebPage","@id":"https:\/\/www.calligrafee.com\/cours\/module-4\/","url":"https:\/\/www.calligrafee.com\/cours\/module-4\/","name":"Module 4 - Ecole d&#039;art Calligraf\u00e9e","isPartOf":{"@id":"https:\/\/www.calligrafee.com\/cours\/#website"},"primaryImageOfPage":{"@id":"https:\/\/www.calligrafee.com\/cours\/module-4\/#primaryimage"},"image":{"@id":"https:\/\/www.calligrafee.com\/cours\/module-4\/#primaryimage"},"thumbnailUrl":"https:\/\/www.calligrafee.com\/cours\/wp-content\/uploads\/sites\/6\/2020\/11\/dragon-image-01.jpg","datePublished":"2020-11-10T14:47:08+00:00","dateModified":"2022-03-07T15:00:20+00:00","breadcrumb":{"@id":"https:\/\/www.calligrafee.com\/cours\/module-4\/#breadcrumb"},"inLanguage":"fr-FR","potentialAction":[{"@type":"ReadAction","target":["https:\/\/www.calligrafee.com\/cours\/module-4\/"]}]},{"@type":"ImageObject","inLanguage":"fr-FR","@id":"https:\/\/www.calligrafee.com\/cours\/module-4\/#primaryimage","url":"https:\/\/www.calligrafee.com\/cours\/wp-content\/uploads\/sites\/6\/2020\/11\/dragon-image-01.jpg","contentUrl":"https:\/\/www.calligrafee.com\/cours\/wp-content\/uploads\/sites\/6\/2020\/11\/dragon-image-01.jpg","width":1344,"height":1353},{"@type":"BreadcrumbList","@id":"https:\/\/www.calligrafee.com\/cours\/module-4\/#breadcrumb","itemListElement":[{"@type":"ListItem","position":1,"name":"Accueil","item":"https:\/\/www.calligrafee.com\/cours\/"},{"@type":"ListItem","position":2,"name":"Module 4"}]},{"@type":"WebSite","@id":"https:\/\/www.calligrafee.com\/cours\/#website","url":"https:\/\/www.calligrafee.com\/cours\/","name":"Ecole d&#039;art Calligraf\u00e9e","description":"Apprenez la calligraphie, l&#039;enluminure et l&#039;art fantastique","potentialAction":[{"@type":"SearchAction","target":{"@type":"EntryPoint","urlTemplate":"https:\/\/www.calligrafee.com\/cours\/?s={search_term_string}"},"query-input":{"@type":"PropertyValueSpecification","valueRequired":true,"valueName":"search_term_string"}}],"inLanguage":"fr-FR"}]}},"_links":{"self":[{"href":"https:\/\/www.calligrafee.com\/cours\/wp-json\/wp\/v2\/pages\/522"}],"collection":[{"href":"https:\/\/www.calligrafee.com\/cours\/wp-json\/wp\/v2\/pages"}],"about":[{"href":"https:\/\/www.calligrafee.com\/cours\/wp-json\/wp\/v2\/types\/page"}],"author":[{"embeddable":true,"href":"https:\/\/www.calligrafee.com\/cours\/wp-json\/wp\/v2\/users\/1"}],"replies":[{"embeddable":true,"href":"https:\/\/www.calligrafee.com\/cours\/wp-json\/wp\/v2\/comments?post=522"}],"version-history":[{"count":0,"href":"https:\/\/www.calligrafee.com\/cours\/wp-json\/wp\/v2\/pages\/522\/revisions"}],"wp:attachment":[{"href":"https:\/\/www.calligrafee.com\/cours\/wp-json\/wp\/v2\/media?parent=522"}],"curies":[{"name":"wp","href":"https:\/\/api.w.org\/{rel}","templated":true}]}}