{"id":803,"date":"2022-03-03T18:58:08","date_gmt":"2022-03-03T17:58:08","guid":{"rendered":"https:\/\/www.calligrafee.com\/cours\/?page_id=803"},"modified":"2022-03-07T15:57:18","modified_gmt":"2022-03-07T14:57:18","slug":"module-6","status":"publish","type":"page","link":"https:\/\/www.calligrafee.com\/cours\/module-6\/","title":{"rendered":"Module 6"},"content":{"rendered":"<h1><span style=\"color: #ff0000;\">Lettres Enlumin\u00e9es<\/span><\/h1>\n<p><img class=\"wp-image-812\" src=\"https:\/\/www.calligrafee.com\/cours\/wp-content\/uploads\/sites\/6\/2022\/02\/class-4-N.jpg\" alt=\"N enlumin\u00e9\" width=\"223\" height=\"224\" \/> <img class=\"wp-image-811\" src=\"https:\/\/www.calligrafee.com\/cours\/wp-content\/uploads\/sites\/6\/2022\/02\/class-3-G.jpg\" alt=\"G enlumin\u00e9\" width=\"207\" height=\"205\" \/> <img class=\"size-full wp-image-814\" src=\"https:\/\/www.calligrafee.com\/cours\/wp-content\/uploads\/sites\/6\/2022\/02\/class-6-owl.jpg\" alt=\"Chouette\" width=\"208\" height=\"172\" \/><\/p>\n<p style=\"text-align: justify;\">Dans ce module, Jane vous pr\u00e9sente des styles d\u2019enluminures tr\u00e8s vari\u00e9s, qui repr\u00e9sentent tout l\u2019alphabet.\u00a0 Les lettres \u00abtourneures\u00bb sont \u00e9tudi\u00e9es par groupe pour r\u00e9aliser plusieurs projets : un marque-page avec des motifs v\u00e9g\u00e9taux, des entrelacs m\u00e9di\u00e9vaux assez complexes, des lettres filigranes du Haut Moyen Age, et un monogramme fantastique.<\/p>\n<p>Ce module est compos\u00e9 de 6 cours vous permettant de cr\u00e9er diff\u00e9rentes sortes de lettres enlumin\u00e9es :<\/p>\n<ul>\n<li><span style=\"color: #0000ff;\"><span style=\"color: #0000ff;\"><span style=\"color: #0000ff;\">Cours 1 : On commence avec quatre lettres qui contiennent toutes un colonne et une forme arrondie : A, D, J et U.\u00a0 Inspir\u00e9 par la lettre \u00ab J \u00bb, nous r\u00e9alisons un marque-page simple, avec des feuilles d\u2019acanthes comme d\u00e9cor.<br \/>\n<\/span><\/span><\/span><\/li>\n<li><span style=\"color: #0000ff;\">Cours 2 : Les lettres B, K, P et R peuvent toutes accueillir une t\u00eate d\u2019animal o\u00f9 les formes arrondies rencontrent la colonne.\u00a0 Nous apprenons \u00e0 dessiner ce motif traditionnel, compl\u00e9t\u00e9 par des arabesques de vignes aux \u00ab feuilles-c\u0153urs \u00bb.<br \/>\n<\/span><\/li>\n<li><span style=\"color: #0000ff;\">Cours 3 : Les lettres rondes C,E, G, O, Q et T prennent vie avec des visages ou, comme dans notre projet pour ce cours, avec l\u2019addition des petits amis-animaux.\u00a0 Notre enluminure \u00ab G \u00bb en or est plac\u00e9e dans un parchemin dessin\u00e9, qui peut servir comme initiale pour un texte en calligraphie.<br \/>\n<\/span><\/li>\n<li><span style=\"color: #0000ff;\">Cours 4 : Un n\u0153ud compliqu\u00e9 mais tr\u00e8s joli est pr\u00e9sent\u00e9 comme motif de d\u00e9coration pour les lettres F, H, I, L et N.\u00a0 Des entrelacs plus faciles sont aussi utilis\u00e9 sur notre projet d\u2019un \u00ab N \u00bb\u00a0 aux couleurs riches et m\u00e9di\u00e9vales.<br \/>\n<\/span><\/li>\n<li><span style=\"color: #0000ff;\">Cours 5 : Cette forme d\u2019enluminure de la p\u00e9riode Gothique (14<sup>e<\/sup> \u2013 15<sup>e<\/sup> si\u00e8cles) est appel\u00e9e \u00ab filigrane \u00bb.\u00a0 Nous l&rsquo;appliquons ici aux lettres V, W, X, Y et Z. Notre projet d\u2019une lettre \u00ab V \u00bb nous offre l\u2019occasion d\u2019apprendre ce style de d\u00e9coration tr\u00e8s fin et g\u00e9om\u00e9trique, r\u00e9alis\u00e9 sur un papier bleu-turquoise avec des gouaches claires et une couleur en paillettes de cuivre brillante.<br \/>\n<\/span><\/li>\n<li><span style=\"color: #0000ff;\">Cours 6 : On termine notre module avec un monogramme des lettres M et S, entrelac\u00e9 et fantastique !\u00a0 Le \u00ab M \u00bb est devenu un saule pleureur, habit\u00e9e par un gentil hibou et deux escargots, et le \u00ab S \u00bb est rempli de petites \u00e9toiles et lunes.<br \/>\n<\/span><\/li>\n<\/ul>\n<h2><a href=\"https:\/\/www.calligrafee.com\/cours\/membership-join\/\"><strong><span style=\"text-decoration: underline;\"><span style=\"color: #0000ff; text-decoration: underline;\">Enregistrez vous pour tous les modules ou seulement ce module :<\/span><\/span><\/strong><\/a><\/h2>\n<p>Achetez pour 12 mois l&rsquo;acc\u00e8s \u00e0 tous les modules pour <span style=\"color: #ff0000;\"><strong>65 \u20ac<\/strong><\/span>, ou aux 6 vid\u00e9os et aux 12 documents de cours du module 6 au prix de <span style=\"color: #ff0000;\"><strong>16 \u20ac<\/strong><\/span> seulement et r\u00e9alisez votre propre oeuvre :<\/p>\n<p>En utilisant <strong>STRIPE<\/strong> avec votre carte de cr\u00e9dit sur la page \u00ab\u00a0<strong><a href=\"https:\/\/www.calligrafee.com\/cours\/membership-join\/\"><span style=\"text-decoration: underline;\"><span style=\"color: #0000ff; text-decoration: underline;\">rejoignez-nous<\/span><\/span><\/a><\/strong>\u00ab\u00a0, paiement s\u00e9curis\u00e9.<\/p>\n<p>En utilisant <strong>PAYPAL<\/strong> sur la page \u00ab\u00a0<strong><a href=\"https:\/\/www.calligrafee.com\/cours\/membership-join\/\"><span style=\"text-decoration: underline;\"><span style=\"color: #0000ff; text-decoration: underline;\">rejoignez-nous<\/span><\/span><\/a><\/strong>\u00ab\u00a0, paiement s\u00e9curis\u00e9.<\/p>\n<p>Pour compl\u00e9ter ce module vous pouvez \u00eatre int\u00e9ress\u00e9 par le livre \u00ab\u00a0<a href=\"https:\/\/www.calligrafee.com\/livres-pour-apprendre\/\"><strong><span style=\"text-decoration: underline;\"><span style=\"color: #0000ff; text-decoration: underline;\">Lettres Enlumin\u00e9es<\/span><\/span><\/strong><\/a>\u00a0\u00bb de Jane.<\/p>\n<div class=\"swpm-more-tag-not-logged-in swpm-margin-top-10\">You need to be logged in to view the rest of the content. Veuillez <a class=\"swpm-login-link\" href=\"https:\/\/www.calligrafee.com\/cours\/membership-login\/\">Log In<\/a>. Not a Member? <a href=\"https:\/\/www.calligrafee.com\/cours\/membership-join\/\">Nous Rejoindre<\/a><\/div>","protected":false},"excerpt":{"rendered":"<p>Lettres Enlumin\u00e9es Dans ce module, Jane vous pr\u00e9sente des styles d\u2019enluminures tr\u00e8s vari\u00e9s, qui repr\u00e9sentent tout l\u2019alphabet.\u00a0 Les lettres \u00abtourneures\u00bb sont \u00e9tudi\u00e9es par groupe pour r\u00e9aliser plusieurs projets : un marque-page avec des motifs v\u00e9g\u00e9taux, des entrelacs m\u00e9di\u00e9vaux assez complexes, des lettres filigranes du Haut Moyen Age, et un monogramme fantastique. Ce module est compos\u00e9 &hellip; <a href=\"https:\/\/www.calligrafee.com\/cours\/module-6\/\" class=\"more-link\">Continue reading <span class=\"screen-reader-text\">Module 6<\/span> <span class=\"meta-nav\">&rarr;<\/span><\/a><\/p>\n","protected":false},"author":1,"featured_media":0,"parent":0,"menu_order":0,"comment_status":"closed","ping_status":"closed","template":"","meta":{"footnotes":""},"class_list":["post-803","page","type-page","status-publish","hentry"],"yoast_head":"<!-- This site is optimized with the Yoast SEO plugin v24.4 - https:\/\/yoast.com\/wordpress\/plugins\/seo\/ -->\n<title>Module 6 - Ecole d&#039;art Calligraf\u00e9e<\/title>\n<meta name=\"robots\" content=\"index, follow, max-snippet:-1, max-image-preview:large, max-video-preview:-1\" \/>\n<link rel=\"canonical\" href=\"https:\/\/www.calligrafee.com\/cours\/module-6\/\" \/>\n<meta property=\"og:locale\" content=\"fr_FR\" \/>\n<meta property=\"og:type\" content=\"article\" \/>\n<meta property=\"og:title\" content=\"Module 6 - Ecole d&#039;art Calligraf\u00e9e\" \/>\n<meta property=\"og:description\" content=\"Lettres Enlumin\u00e9es Dans ce module, Jane vous pr\u00e9sente des styles d\u2019enluminures tr\u00e8s vari\u00e9s, qui repr\u00e9sentent tout l\u2019alphabet.\u00a0 Les lettres \u00abtourneures\u00bb sont \u00e9tudi\u00e9es par groupe pour r\u00e9aliser plusieurs projets : un marque-page avec des motifs v\u00e9g\u00e9taux, des entrelacs m\u00e9di\u00e9vaux assez complexes, des lettres filigranes du Haut Moyen Age, et un monogramme fantastique. Ce module est compos\u00e9 &hellip; Continue reading Module 6 &rarr;\" \/>\n<meta property=\"og:url\" content=\"https:\/\/www.calligrafee.com\/cours\/module-6\/\" \/>\n<meta property=\"og:site_name\" content=\"Ecole d&#039;art Calligraf\u00e9e\" \/>\n<meta property=\"article:modified_time\" content=\"2022-03-07T14:57:18+00:00\" \/>\n<meta property=\"og:image\" content=\"https:\/\/www.calligrafee.com\/cours\/wp-content\/uploads\/sites\/6\/2022\/02\/class-4-N.jpg\" \/>\n<meta name=\"twitter:card\" content=\"summary_large_image\" \/>\n<meta name=\"twitter:label1\" content=\"Dur\u00e9e de lecture estim\u00e9e\" \/>\n\t<meta name=\"twitter:data1\" content=\"4 minutes\" \/>\n<script type=\"application\/ld+json\" class=\"yoast-schema-graph\">{\"@context\":\"https:\/\/schema.org\",\"@graph\":[{\"@type\":\"WebPage\",\"@id\":\"https:\/\/www.calligrafee.com\/cours\/module-6\/\",\"url\":\"https:\/\/www.calligrafee.com\/cours\/module-6\/\",\"name\":\"Module 6 - Ecole d&#039;art Calligraf\u00e9e\",\"isPartOf\":{\"@id\":\"https:\/\/www.calligrafee.com\/cours\/#website\"},\"primaryImageOfPage\":{\"@id\":\"https:\/\/www.calligrafee.com\/cours\/module-6\/#primaryimage\"},\"image\":{\"@id\":\"https:\/\/www.calligrafee.com\/cours\/module-6\/#primaryimage\"},\"thumbnailUrl\":\"https:\/\/www.calligrafee.com\/cours\/wp-content\/uploads\/sites\/6\/2022\/02\/class-4-N.jpg\",\"datePublished\":\"2022-03-03T17:58:08+00:00\",\"dateModified\":\"2022-03-07T14:57:18+00:00\",\"breadcrumb\":{\"@id\":\"https:\/\/www.calligrafee.com\/cours\/module-6\/#breadcrumb\"},\"inLanguage\":\"fr-FR\",\"potentialAction\":[{\"@type\":\"ReadAction\",\"target\":[\"https:\/\/www.calligrafee.com\/cours\/module-6\/\"]}]},{\"@type\":\"ImageObject\",\"inLanguage\":\"fr-FR\",\"@id\":\"https:\/\/www.calligrafee.com\/cours\/module-6\/#primaryimage\",\"url\":\"https:\/\/www.calligrafee.com\/cours\/wp-content\/uploads\/sites\/6\/2022\/02\/class-4-N.jpg\",\"contentUrl\":\"https:\/\/www.calligrafee.com\/cours\/wp-content\/uploads\/sites\/6\/2022\/02\/class-4-N.jpg\",\"width\":757,\"height\":761,\"caption\":\"Lettre N enlumin\u00e9e\"},{\"@type\":\"BreadcrumbList\",\"@id\":\"https:\/\/www.calligrafee.com\/cours\/module-6\/#breadcrumb\",\"itemListElement\":[{\"@type\":\"ListItem\",\"position\":1,\"name\":\"Accueil\",\"item\":\"https:\/\/www.calligrafee.com\/cours\/\"},{\"@type\":\"ListItem\",\"position\":2,\"name\":\"Module 6\"}]},{\"@type\":\"WebSite\",\"@id\":\"https:\/\/www.calligrafee.com\/cours\/#website\",\"url\":\"https:\/\/www.calligrafee.com\/cours\/\",\"name\":\"Ecole d&#039;art Calligraf\u00e9e\",\"description\":\"Apprenez la calligraphie, l&#039;enluminure et l&#039;art fantastique\",\"potentialAction\":[{\"@type\":\"SearchAction\",\"target\":{\"@type\":\"EntryPoint\",\"urlTemplate\":\"https:\/\/www.calligrafee.com\/cours\/?s={search_term_string}\"},\"query-input\":{\"@type\":\"PropertyValueSpecification\",\"valueRequired\":true,\"valueName\":\"search_term_string\"}}],\"inLanguage\":\"fr-FR\"}]}<\/script>\n<!-- \/ Yoast SEO plugin. -->","yoast_head_json":{"title":"Module 6 - Ecole d&#039;art Calligraf\u00e9e","robots":{"index":"index","follow":"follow","max-snippet":"max-snippet:-1","max-image-preview":"max-image-preview:large","max-video-preview":"max-video-preview:-1"},"canonical":"https:\/\/www.calligrafee.com\/cours\/module-6\/","og_locale":"fr_FR","og_type":"article","og_title":"Module 6 - Ecole d&#039;art Calligraf\u00e9e","og_description":"Lettres Enlumin\u00e9es Dans ce module, Jane vous pr\u00e9sente des styles d\u2019enluminures tr\u00e8s vari\u00e9s, qui repr\u00e9sentent tout l\u2019alphabet.\u00a0 Les lettres \u00abtourneures\u00bb sont \u00e9tudi\u00e9es par groupe pour r\u00e9aliser plusieurs projets : un marque-page avec des motifs v\u00e9g\u00e9taux, des entrelacs m\u00e9di\u00e9vaux assez complexes, des lettres filigranes du Haut Moyen Age, et un monogramme fantastique. Ce module est compos\u00e9 &hellip; Continue reading Module 6 &rarr;","og_url":"https:\/\/www.calligrafee.com\/cours\/module-6\/","og_site_name":"Ecole d&#039;art Calligraf\u00e9e","article_modified_time":"2022-03-07T14:57:18+00:00","og_image":[{"url":"https:\/\/www.calligrafee.com\/cours\/wp-content\/uploads\/sites\/6\/2022\/02\/class-4-N.jpg","type":"","width":"","height":""}],"twitter_card":"summary_large_image","twitter_misc":{"Dur\u00e9e de lecture estim\u00e9e":"4 minutes"},"schema":{"@context":"https:\/\/schema.org","@graph":[{"@type":"WebPage","@id":"https:\/\/www.calligrafee.com\/cours\/module-6\/","url":"https:\/\/www.calligrafee.com\/cours\/module-6\/","name":"Module 6 - Ecole d&#039;art Calligraf\u00e9e","isPartOf":{"@id":"https:\/\/www.calligrafee.com\/cours\/#website"},"primaryImageOfPage":{"@id":"https:\/\/www.calligrafee.com\/cours\/module-6\/#primaryimage"},"image":{"@id":"https:\/\/www.calligrafee.com\/cours\/module-6\/#primaryimage"},"thumbnailUrl":"https:\/\/www.calligrafee.com\/cours\/wp-content\/uploads\/sites\/6\/2022\/02\/class-4-N.jpg","datePublished":"2022-03-03T17:58:08+00:00","dateModified":"2022-03-07T14:57:18+00:00","breadcrumb":{"@id":"https:\/\/www.calligrafee.com\/cours\/module-6\/#breadcrumb"},"inLanguage":"fr-FR","potentialAction":[{"@type":"ReadAction","target":["https:\/\/www.calligrafee.com\/cours\/module-6\/"]}]},{"@type":"ImageObject","inLanguage":"fr-FR","@id":"https:\/\/www.calligrafee.com\/cours\/module-6\/#primaryimage","url":"https:\/\/www.calligrafee.com\/cours\/wp-content\/uploads\/sites\/6\/2022\/02\/class-4-N.jpg","contentUrl":"https:\/\/www.calligrafee.com\/cours\/wp-content\/uploads\/sites\/6\/2022\/02\/class-4-N.jpg","width":757,"height":761,"caption":"Lettre N enlumin\u00e9e"},{"@type":"BreadcrumbList","@id":"https:\/\/www.calligrafee.com\/cours\/module-6\/#breadcrumb","itemListElement":[{"@type":"ListItem","position":1,"name":"Accueil","item":"https:\/\/www.calligrafee.com\/cours\/"},{"@type":"ListItem","position":2,"name":"Module 6"}]},{"@type":"WebSite","@id":"https:\/\/www.calligrafee.com\/cours\/#website","url":"https:\/\/www.calligrafee.com\/cours\/","name":"Ecole d&#039;art Calligraf\u00e9e","description":"Apprenez la calligraphie, l&#039;enluminure et l&#039;art fantastique","potentialAction":[{"@type":"SearchAction","target":{"@type":"EntryPoint","urlTemplate":"https:\/\/www.calligrafee.com\/cours\/?s={search_term_string}"},"query-input":{"@type":"PropertyValueSpecification","valueRequired":true,"valueName":"search_term_string"}}],"inLanguage":"fr-FR"}]}},"_links":{"self":[{"href":"https:\/\/www.calligrafee.com\/cours\/wp-json\/wp\/v2\/pages\/803"}],"collection":[{"href":"https:\/\/www.calligrafee.com\/cours\/wp-json\/wp\/v2\/pages"}],"about":[{"href":"https:\/\/www.calligrafee.com\/cours\/wp-json\/wp\/v2\/types\/page"}],"author":[{"embeddable":true,"href":"https:\/\/www.calligrafee.com\/cours\/wp-json\/wp\/v2\/users\/1"}],"replies":[{"embeddable":true,"href":"https:\/\/www.calligrafee.com\/cours\/wp-json\/wp\/v2\/comments?post=803"}],"version-history":[{"count":0,"href":"https:\/\/www.calligrafee.com\/cours\/wp-json\/wp\/v2\/pages\/803\/revisions"}],"wp:attachment":[{"href":"https:\/\/www.calligrafee.com\/cours\/wp-json\/wp\/v2\/media?parent=803"}],"curies":[{"name":"wp","href":"https:\/\/api.w.org\/{rel}","templated":true}]}}