{"id":1524,"date":"2024-09-27T18:14:55","date_gmt":"2024-09-27T17:14:55","guid":{"rendered":"https:\/\/www.calligrafee.com\/en\/?page_id=1524"},"modified":"2024-09-28T10:04:47","modified_gmt":"2024-09-28T10:04:47","slug":"books","status":"publish","type":"page","link":"https:\/\/www.calligrafee.com\/en\/books\/","title":{"rendered":"Books"},"content":{"rendered":"\t\t<div data-elementor-type=\"wp-page\" data-elementor-id=\"1524\" class=\"elementor elementor-1524\">\n\t\t\t\t<div class=\"elementor-element elementor-element-3bd0723 e-flex e-con-boxed e-con e-parent\" data-id=\"3bd0723\" data-element_type=\"container\">\n\t\t\t\t\t<div class=\"e-con-inner\">\n\t\t\t\t<div class=\"elementor-element elementor-element-2572110 elementor-widget elementor-widget-heading\" data-id=\"2572110\" data-element_type=\"widget\" data-widget_type=\"heading.default\">\n\t\t\t\t<div class=\"elementor-widget-container\">\n\t\t\t\t\t<h2 class=\"elementor-heading-title elementor-size-default\">Jane is the author of several books both in English and in French:<\/h2>\t\t\t\t<\/div>\n\t\t\t\t<\/div>\n\t\t\t\t\t<\/div>\n\t\t\t\t<\/div>\n\t\t<div class=\"elementor-element elementor-element-0c261c9 e-flex e-con-boxed e-con e-parent\" data-id=\"0c261c9\" data-element_type=\"container\">\n\t\t\t\t\t<div class=\"e-con-inner\">\n\t\t\t\t<div class=\"elementor-element elementor-element-85d241d elementor-widget__width-initial elementor-widget-mobile__width-initial e-transform elementor-widget elementor-widget-image\" data-id=\"85d241d\" data-element_type=\"widget\" data-settings=\"{&quot;_transform_rotateZ_effect_mobile&quot;:{&quot;unit&quot;:&quot;deg&quot;,&quot;size&quot;:90,&quot;sizes&quot;:[]},&quot;_transform_rotateZ_effect&quot;:{&quot;unit&quot;:&quot;px&quot;,&quot;size&quot;:&quot;&quot;,&quot;sizes&quot;:[]},&quot;_transform_rotateZ_effect_tablet&quot;:{&quot;unit&quot;:&quot;deg&quot;,&quot;size&quot;:&quot;&quot;,&quot;sizes&quot;:[]}}\" data-widget_type=\"image.default\">\n\t\t\t\t<div class=\"elementor-widget-container\">\n\t\t\t\t\t\t\t\t\t\t\t\t\t\t\t<img fetchpriority=\"high\" decoding=\"async\" width=\"302\" height=\"928\" src=\"https:\/\/www.calligrafee.com\/en\/wp-content\/uploads\/sites\/3\/2024\/09\/interlace7.jpg\" class=\"attachment-full size-full wp-image-1732\" alt=\"\" srcset=\"https:\/\/www.calligrafee.com\/en\/wp-content\/uploads\/sites\/3\/2024\/09\/interlace7.jpg 302w, https:\/\/www.calligrafee.com\/en\/wp-content\/uploads\/sites\/3\/2024\/09\/interlace7-98x300.jpg 98w\" sizes=\"(max-width: 302px) 100vw, 302px\" \/>\t\t\t\t\t\t\t\t\t\t\t\t\t\t\t<\/div>\n\t\t\t\t<\/div>\n\t\t\t\t<div class=\"elementor-element elementor-element-2cfb334 elementor-icon-list--layout-traditional elementor-list-item-link-full_width elementor-widget elementor-widget-icon-list\" data-id=\"2cfb334\" data-element_type=\"widget\" data-widget_type=\"icon-list.default\">\n\t\t\t\t<div class=\"elementor-widget-container\">\n\t\t\t\t\t\t\t<ul class=\"elementor-icon-list-items\">\n\t\t\t\t\t\t\t<li class=\"elementor-icon-list-item\">\n\t\t\t\t\t\t\t\t\t\t\t<span class=\"elementor-icon-list-icon\">\n\t\t\t\t\t\t\t<svg aria-hidden=\"true\" class=\"e-font-icon-svg e-fas-feather-alt\" viewBox=\"0 0 512 512\" xmlns=\"http:\/\/www.w3.org\/2000\/svg\"><path d=\"M512 0C460.22 3.56 96.44 38.2 71.01 287.61c-3.09 26.66-4.84 53.44-5.99 80.24l178.87-178.69c6.25-6.25 16.4-6.25 22.65 0s6.25 16.38 0 22.63L7.04 471.03c-9.38 9.37-9.38 24.57 0 33.94 9.38 9.37 24.59 9.37 33.98 0l57.13-57.07c42.09-.14 84.15-2.53 125.96-7.36 53.48-5.44 97.02-26.47 132.58-56.54H255.74l146.79-48.88c11.25-14.89 21.37-30.71 30.45-47.12h-81.14l106.54-53.21C500.29 132.86 510.19 26.26 512 0z\"><\/path><\/svg>\t\t\t\t\t\t<\/span>\n\t\t\t\t\t\t\t\t\t\t<span class=\"elementor-icon-list-text\">Calligraphy \u2013 A Comprehensive Guide to Beautiful Lettering\u00a0 (Pauper Press, New York). In French: Initiation \u00e0 la Calligraphie, published by Dessain & Tolra\/Larousse, France.<\/span>\n\t\t\t\t\t\t\t\t\t<\/li>\n\t\t\t\t\t\t\t\t<li class=\"elementor-icon-list-item\">\n\t\t\t\t\t\t\t\t\t\t\t<span class=\"elementor-icon-list-icon\">\n\t\t\t\t\t\t\t<svg aria-hidden=\"true\" class=\"e-font-icon-svg e-fas-feather-alt\" viewBox=\"0 0 512 512\" xmlns=\"http:\/\/www.w3.org\/2000\/svg\"><path d=\"M512 0C460.22 3.56 96.44 38.2 71.01 287.61c-3.09 26.66-4.84 53.44-5.99 80.24l178.87-178.69c6.25-6.25 16.4-6.25 22.65 0s6.25 16.38 0 22.63L7.04 471.03c-9.38 9.37-9.38 24.57 0 33.94 9.38 9.37 24.59 9.37 33.98 0l57.13-57.07c42.09-.14 84.15-2.53 125.96-7.36 53.48-5.44 97.02-26.47 132.58-56.54H255.74l146.79-48.88c11.25-14.89 21.37-30.71 30.45-47.12h-81.14l106.54-53.21C500.29 132.86 510.19 26.26 512 0z\"><\/path><\/svg>\t\t\t\t\t\t<\/span>\n\t\t\t\t\t\t\t\t\t\t<span class=\"elementor-icon-list-text\">Dessiner les Lettres Enlumin\u00e9es, Dessiner les Lettres Enlumin\u00e9es Fantastiques, Dessiner les F\u00e9es\u00a0 (published by \u00a0Dessain & Tolra\/Larousse).<\/span>\n\t\t\t\t\t\t\t\t\t<\/li>\n\t\t\t\t\t\t\t\t<li class=\"elementor-icon-list-item\">\n\t\t\t\t\t\t\t\t\t\t\t<span class=\"elementor-icon-list-icon\">\n\t\t\t\t\t\t\t<svg aria-hidden=\"true\" class=\"e-font-icon-svg e-fas-feather-alt\" viewBox=\"0 0 512 512\" xmlns=\"http:\/\/www.w3.org\/2000\/svg\"><path d=\"M512 0C460.22 3.56 96.44 38.2 71.01 287.61c-3.09 26.66-4.84 53.44-5.99 80.24l178.87-178.69c6.25-6.25 16.4-6.25 22.65 0s6.25 16.38 0 22.63L7.04 471.03c-9.38 9.37-9.38 24.57 0 33.94 9.38 9.37 24.59 9.37 33.98 0l57.13-57.07c42.09-.14 84.15-2.53 125.96-7.36 53.48-5.44 97.02-26.47 132.58-56.54H255.74l146.79-48.88c11.25-14.89 21.37-30.71 30.45-47.12h-81.14l106.54-53.21C500.29 132.86 510.19 26.26 512 0z\"><\/path><\/svg>\t\t\t\t\t\t<\/span>\n\t\t\t\t\t\t\t\t\t\t<span class=\"elementor-icon-list-text\">Illuminated Letters Sketchbook (Pauper Press, NY)<\/span>\n\t\t\t\t\t\t\t\t\t<\/li>\n\t\t\t\t\t\t\t\t<li class=\"elementor-icon-list-item\">\n\t\t\t\t\t\t\t\t\t\t\t<span class=\"elementor-icon-list-icon\">\n\t\t\t\t\t\t\t<svg aria-hidden=\"true\" class=\"e-font-icon-svg e-fas-feather-alt\" viewBox=\"0 0 512 512\" xmlns=\"http:\/\/www.w3.org\/2000\/svg\"><path d=\"M512 0C460.22 3.56 96.44 38.2 71.01 287.61c-3.09 26.66-4.84 53.44-5.99 80.24l178.87-178.69c6.25-6.25 16.4-6.25 22.65 0s6.25 16.38 0 22.63L7.04 471.03c-9.38 9.37-9.38 24.57 0 33.94 9.38 9.37 24.59 9.37 33.98 0l57.13-57.07c42.09-.14 84.15-2.53 125.96-7.36 53.48-5.44 97.02-26.47 132.58-56.54H255.74l146.79-48.88c11.25-14.89 21.37-30.71 30.45-47.12h-81.14l106.54-53.21C500.29 132.86 510.19 26.26 512 0z\"><\/path><\/svg>\t\t\t\t\t\t<\/span>\n\t\t\t\t\t\t\t\t\t\t<span class=\"elementor-icon-list-text\">How to Create Celtic Illuminations (French title: Dessiner les Enluminures et Entrelacs Celtiques ).<\/span>\n\t\t\t\t\t\t\t\t\t<\/li>\n\t\t\t\t\t\t\t\t<li class=\"elementor-icon-list-item\">\n\t\t\t\t\t\t\t\t\t\t\t<span class=\"elementor-icon-list-icon\">\n\t\t\t\t\t\t\t<svg aria-hidden=\"true\" class=\"e-font-icon-svg e-fas-feather-alt\" viewBox=\"0 0 512 512\" xmlns=\"http:\/\/www.w3.org\/2000\/svg\"><path d=\"M512 0C460.22 3.56 96.44 38.2 71.01 287.61c-3.09 26.66-4.84 53.44-5.99 80.24l178.87-178.69c6.25-6.25 16.4-6.25 22.65 0s6.25 16.38 0 22.63L7.04 471.03c-9.38 9.37-9.38 24.57 0 33.94 9.38 9.37 24.59 9.37 33.98 0l57.13-57.07c42.09-.14 84.15-2.53 125.96-7.36 53.48-5.44 97.02-26.47 132.58-56.54H255.74l146.79-48.88c11.25-14.89 21.37-30.71 30.45-47.12h-81.14l106.54-53.21C500.29 132.86 510.19 26.26 512 0z\"><\/path><\/svg>\t\t\t\t\t\t<\/span>\n\t\t\t\t\t\t\t\t\t\t<span class=\"elementor-icon-list-text\">How to Draw Unicorns (French title: Dessiner les Licornes)<\/span>\n\t\t\t\t\t\t\t\t\t<\/li>\n\t\t\t\t\t\t\t\t<li class=\"elementor-icon-list-item\">\n\t\t\t\t\t\t\t\t\t\t\t<span class=\"elementor-icon-list-icon\">\n\t\t\t\t\t\t\t<svg aria-hidden=\"true\" class=\"e-font-icon-svg e-fas-feather-alt\" viewBox=\"0 0 512 512\" xmlns=\"http:\/\/www.w3.org\/2000\/svg\"><path d=\"M512 0C460.22 3.56 96.44 38.2 71.01 287.61c-3.09 26.66-4.84 53.44-5.99 80.24l178.87-178.69c6.25-6.25 16.4-6.25 22.65 0s6.25 16.38 0 22.63L7.04 471.03c-9.38 9.37-9.38 24.57 0 33.94 9.38 9.37 24.59 9.37 33.98 0l57.13-57.07c42.09-.14 84.15-2.53 125.96-7.36 53.48-5.44 97.02-26.47 132.58-56.54H255.74l146.79-48.88c11.25-14.89 21.37-30.71 30.45-47.12h-81.14l106.54-53.21C500.29 132.86 510.19 26.26 512 0z\"><\/path><\/svg>\t\t\t\t\t\t<\/span>\n\t\t\t\t\t\t\t\t\t\t<span class=\"elementor-icon-list-text\">Return to Fa\u00ebrie, an adult and young adult fantasy trilogy<\/span>\n\t\t\t\t\t\t\t\t\t<\/li>\n\t\t\t\t\t\t<\/ul>\n\t\t\t\t\t\t<\/div>\n\t\t\t\t<\/div>\n\t\t\t\t\t<\/div>\n\t\t\t\t<\/div>\n\t\t<div class=\"elementor-element elementor-element-84ce35a e-flex e-con-boxed e-con e-parent\" data-id=\"84ce35a\" data-element_type=\"container\">\n\t\t\t\t\t<div class=\"e-con-inner\">\n\t\t\t\t<div class=\"elementor-element elementor-element-5862abd elementor-widget elementor-widget-text-editor\" data-id=\"5862abd\" data-element_type=\"widget\" data-widget_type=\"text-editor.default\">\n\t\t\t\t<div class=\"elementor-widget-container\">\n\t\t\t\t\t\t\t\t\t<p><span style=\"color: #000000; font-size: 18px;\">NB: These final titles (Celtic, Unicorns and the fantasy novel) are all self-published by Jane, and may be ordered directly from her, or found on Amazon.com.\u00a0 The other titles can all be found on Amazon also, or ordered through your local bookseller.<\/span><\/p>\t\t\t\t\t\t\t\t<\/div>\n\t\t\t\t<\/div>\n\t\t\t\t\t<\/div>\n\t\t\t\t<\/div>\n\t\t<div class=\"elementor-element elementor-element-8e5bb51 e-con-full e-flex e-con e-parent\" data-id=\"8e5bb51\" data-element_type=\"container\">\n\t\t\t\t<div class=\"elementor-element elementor-element-c99880d elementor-widget elementor-widget-image\" data-id=\"c99880d\" data-element_type=\"widget\" data-widget_type=\"image.default\">\n\t\t\t\t<div class=\"elementor-widget-container\">\n\t\t\t\t\t\t\t\t\t\t\t\t\t\t\t<img decoding=\"async\" width=\"1200\" height=\"600\" src=\"https:\/\/www.calligrafee.com\/en\/wp-content\/uploads\/sites\/3\/2024\/09\/image-of-book-covers-1.jpg\" class=\"attachment-full size-full wp-image-1631\" alt=\"\" srcset=\"https:\/\/www.calligrafee.com\/en\/wp-content\/uploads\/sites\/3\/2024\/09\/image-of-book-covers-1.jpg 1200w, https:\/\/www.calligrafee.com\/en\/wp-content\/uploads\/sites\/3\/2024\/09\/image-of-book-covers-1-300x150.jpg 300w, https:\/\/www.calligrafee.com\/en\/wp-content\/uploads\/sites\/3\/2024\/09\/image-of-book-covers-1-768x384.jpg 768w\" sizes=\"(max-width: 1200px) 100vw, 1200px\" \/>\t\t\t\t\t\t\t\t\t\t\t\t\t\t\t<\/div>\n\t\t\t\t<\/div>\n\t\t\t\t<\/div>\n\t\t\t\t<\/div>\n\t\t","protected":false},"excerpt":{"rendered":"<p>Jane is the author of several books both in English and in French: Calligraphy \u2013 A Comprehensive Guide to Beautiful Lettering\u00a0 (Pauper Press, New York). In French: Initiation \u00e0 la Calligraphie, published by Dessain &#038; Tolra\/Larousse, France. Dessiner les Lettres Enlumin\u00e9es, Dessiner les Lettres Enlumin\u00e9es Fantastiques, Dessiner les F\u00e9es\u00a0 (published by \u00a0Dessain &#038; Tolra\/Larousse). Illuminated [&hellip;]<\/p>\n","protected":false},"author":1,"featured_media":0,"parent":0,"menu_order":0,"comment_status":"closed","ping_status":"closed","template":"","meta":{"ocean_post_layout":"","ocean_both_sidebars_style":"","ocean_both_sidebars_content_width":0,"ocean_both_sidebars_sidebars_width":0,"ocean_sidebar":"","ocean_second_sidebar":"","ocean_disable_margins":"enable","ocean_add_body_class":"","ocean_shortcode_before_top_bar":"","ocean_shortcode_after_top_bar":"","ocean_shortcode_before_header":"","ocean_shortcode_after_header":"","ocean_has_shortcode":"","ocean_shortcode_after_title":"","ocean_shortcode_before_footer_widgets":"","ocean_shortcode_after_footer_widgets":"","ocean_shortcode_before_footer_bottom":"","ocean_shortcode_after_footer_bottom":"","ocean_display_top_bar":"default","ocean_display_header":"default","ocean_header_style":"custom","ocean_center_header_left_menu":"","ocean_custom_header_template":"1711","ocean_custom_logo":0,"ocean_custom_retina_logo":0,"ocean_custom_logo_max_width":0,"ocean_custom_logo_tablet_max_width":0,"ocean_custom_logo_mobile_max_width":0,"ocean_custom_logo_max_height":0,"ocean_custom_logo_tablet_max_height":0,"ocean_custom_logo_mobile_max_height":0,"ocean_header_custom_menu":"","ocean_menu_typo_font_family":"","ocean_menu_typo_font_subset":"","ocean_menu_typo_font_size":0,"ocean_menu_typo_font_size_tablet":0,"ocean_menu_typo_font_size_mobile":0,"ocean_menu_typo_font_size_unit":"px","ocean_menu_typo_font_weight":"","ocean_menu_typo_font_weight_tablet":"","ocean_menu_typo_font_weight_mobile":"","ocean_menu_typo_transform":"","ocean_menu_typo_transform_tablet":"","ocean_menu_typo_transform_mobile":"","ocean_menu_typo_line_height":0,"ocean_menu_typo_line_height_tablet":0,"ocean_menu_typo_line_height_mobile":0,"ocean_menu_typo_line_height_unit":"","ocean_menu_typo_spacing":0,"ocean_menu_typo_spacing_tablet":0,"ocean_menu_typo_spacing_mobile":0,"ocean_menu_typo_spacing_unit":"","ocean_menu_link_color":"","ocean_menu_link_color_hover":"","ocean_menu_link_color_active":"","ocean_menu_link_background":"","ocean_menu_link_hover_background":"","ocean_menu_link_active_background":"","ocean_menu_social_links_bg":"","ocean_menu_social_hover_links_bg":"","ocean_menu_social_links_color":"","ocean_menu_social_hover_links_color":"","ocean_disable_title":"default","ocean_disable_heading":"default","ocean_post_title":"","ocean_post_subheading":"","ocean_post_title_style":"","ocean_post_title_background_color":"","ocean_post_title_background":0,"ocean_post_title_bg_image_position":"","ocean_post_title_bg_image_attachment":"","ocean_post_title_bg_image_repeat":"","ocean_post_title_bg_image_size":"","ocean_post_title_height":0,"ocean_post_title_bg_overlay":0.5,"ocean_post_title_bg_overlay_color":"","ocean_disable_breadcrumbs":"default","ocean_breadcrumbs_color":"","ocean_breadcrumbs_separator_color":"","ocean_breadcrumbs_links_color":"","ocean_breadcrumbs_links_hover_color":"","ocean_display_footer_widgets":"default","ocean_display_footer_bottom":"default","ocean_custom_footer_template":"","ofc_meta_disable_footer_callout":"","ofc_meta_callout_button_url":"","ofc_meta_callout_button_txt":"","ofc_meta_callout_text":"","footnotes":""},"class_list":["post-1524","page","type-page","status-publish","hentry","entry"],"yoast_head":"<!-- This site is optimized with the Yoast SEO plugin v24.4 - https:\/\/yoast.com\/wordpress\/plugins\/seo\/ -->\n<title>Books -<\/title>\n<meta name=\"description\" content=\"Books\" \/>\n<meta name=\"robots\" content=\"index, follow, max-snippet:-1, max-image-preview:large, max-video-preview:-1\" \/>\n<link rel=\"canonical\" href=\"https:\/\/www.calligrafee.com\/en\/books\/\" \/>\n<meta property=\"og:locale\" content=\"en_GB\" \/>\n<meta property=\"og:type\" content=\"article\" \/>\n<meta property=\"og:title\" content=\"Books -\" \/>\n<meta property=\"og:description\" content=\"Books\" \/>\n<meta property=\"og:url\" content=\"https:\/\/www.calligrafee.com\/en\/books\/\" \/>\n<meta property=\"article:modified_time\" content=\"2024-09-28T10:04:47+00:00\" \/>\n<meta property=\"og:image\" content=\"https:\/\/www.calligrafee.com\/en\/wp-content\/uploads\/sites\/3\/2024\/09\/interlace7.jpg\" \/>\n<meta name=\"twitter:card\" content=\"summary_large_image\" \/>\n<meta name=\"twitter:label1\" content=\"Estimated reading time\" \/>\n\t<meta name=\"twitter:data1\" content=\"1 minute\" \/>\n<script type=\"application\/ld+json\" class=\"yoast-schema-graph\">{\"@context\":\"https:\/\/schema.org\",\"@graph\":[{\"@type\":\"WebPage\",\"@id\":\"https:\/\/www.calligrafee.com\/en\/books\/\",\"url\":\"https:\/\/www.calligrafee.com\/en\/books\/\",\"name\":\"Books -\",\"isPartOf\":{\"@id\":\"https:\/\/www.calligrafee.com\/en\/#website\"},\"primaryImageOfPage\":{\"@id\":\"https:\/\/www.calligrafee.com\/en\/books\/#primaryimage\"},\"image\":{\"@id\":\"https:\/\/www.calligrafee.com\/en\/books\/#primaryimage\"},\"thumbnailUrl\":\"https:\/\/www.calligrafee.com\/en\/wp-content\/uploads\/sites\/3\/2024\/09\/interlace7.jpg\",\"datePublished\":\"2024-09-27T17:14:55+00:00\",\"dateModified\":\"2024-09-28T10:04:47+00:00\",\"description\":\"Books\",\"breadcrumb\":{\"@id\":\"https:\/\/www.calligrafee.com\/en\/books\/#breadcrumb\"},\"inLanguage\":\"en-GB\",\"potentialAction\":[{\"@type\":\"ReadAction\",\"target\":[\"https:\/\/www.calligrafee.com\/en\/books\/\"]}]},{\"@type\":\"ImageObject\",\"inLanguage\":\"en-GB\",\"@id\":\"https:\/\/www.calligrafee.com\/en\/books\/#primaryimage\",\"url\":\"https:\/\/www.calligrafee.com\/en\/wp-content\/uploads\/sites\/3\/2024\/09\/interlace7.jpg\",\"contentUrl\":\"https:\/\/www.calligrafee.com\/en\/wp-content\/uploads\/sites\/3\/2024\/09\/interlace7.jpg\",\"width\":302,\"height\":928},{\"@type\":\"BreadcrumbList\",\"@id\":\"https:\/\/www.calligrafee.com\/en\/books\/#breadcrumb\",\"itemListElement\":[{\"@type\":\"ListItem\",\"position\":1,\"name\":\"Accueil\",\"item\":\"https:\/\/www.calligrafee.com\/en\/\"},{\"@type\":\"ListItem\",\"position\":2,\"name\":\"Books\"}]},{\"@type\":\"WebSite\",\"@id\":\"https:\/\/www.calligrafee.com\/en\/#website\",\"url\":\"https:\/\/www.calligrafee.com\/en\/\",\"name\":\"\",\"description\":\"\",\"potentialAction\":[{\"@type\":\"SearchAction\",\"target\":{\"@type\":\"EntryPoint\",\"urlTemplate\":\"https:\/\/www.calligrafee.com\/en\/?s={search_term_string}\"},\"query-input\":{\"@type\":\"PropertyValueSpecification\",\"valueRequired\":true,\"valueName\":\"search_term_string\"}}],\"inLanguage\":\"en-GB\"}]}<\/script>\n<!-- \/ Yoast SEO plugin. -->","yoast_head_json":{"title":"Books -","description":"Books","robots":{"index":"index","follow":"follow","max-snippet":"max-snippet:-1","max-image-preview":"max-image-preview:large","max-video-preview":"max-video-preview:-1"},"canonical":"https:\/\/www.calligrafee.com\/en\/books\/","og_locale":"en_GB","og_type":"article","og_title":"Books -","og_description":"Books","og_url":"https:\/\/www.calligrafee.com\/en\/books\/","article_modified_time":"2024-09-28T10:04:47+00:00","og_image":[{"url":"https:\/\/www.calligrafee.com\/en\/wp-content\/uploads\/sites\/3\/2024\/09\/interlace7.jpg","type":"","width":"","height":""}],"twitter_card":"summary_large_image","twitter_misc":{"Estimated reading time":"1 minute"},"schema":{"@context":"https:\/\/schema.org","@graph":[{"@type":"WebPage","@id":"https:\/\/www.calligrafee.com\/en\/books\/","url":"https:\/\/www.calligrafee.com\/en\/books\/","name":"Books -","isPartOf":{"@id":"https:\/\/www.calligrafee.com\/en\/#website"},"primaryImageOfPage":{"@id":"https:\/\/www.calligrafee.com\/en\/books\/#primaryimage"},"image":{"@id":"https:\/\/www.calligrafee.com\/en\/books\/#primaryimage"},"thumbnailUrl":"https:\/\/www.calligrafee.com\/en\/wp-content\/uploads\/sites\/3\/2024\/09\/interlace7.jpg","datePublished":"2024-09-27T17:14:55+00:00","dateModified":"2024-09-28T10:04:47+00:00","description":"Books","breadcrumb":{"@id":"https:\/\/www.calligrafee.com\/en\/books\/#breadcrumb"},"inLanguage":"en-GB","potentialAction":[{"@type":"ReadAction","target":["https:\/\/www.calligrafee.com\/en\/books\/"]}]},{"@type":"ImageObject","inLanguage":"en-GB","@id":"https:\/\/www.calligrafee.com\/en\/books\/#primaryimage","url":"https:\/\/www.calligrafee.com\/en\/wp-content\/uploads\/sites\/3\/2024\/09\/interlace7.jpg","contentUrl":"https:\/\/www.calligrafee.com\/en\/wp-content\/uploads\/sites\/3\/2024\/09\/interlace7.jpg","width":302,"height":928},{"@type":"BreadcrumbList","@id":"https:\/\/www.calligrafee.com\/en\/books\/#breadcrumb","itemListElement":[{"@type":"ListItem","position":1,"name":"Accueil","item":"https:\/\/www.calligrafee.com\/en\/"},{"@type":"ListItem","position":2,"name":"Books"}]},{"@type":"WebSite","@id":"https:\/\/www.calligrafee.com\/en\/#website","url":"https:\/\/www.calligrafee.com\/en\/","name":"","description":"","potentialAction":[{"@type":"SearchAction","target":{"@type":"EntryPoint","urlTemplate":"https:\/\/www.calligrafee.com\/en\/?s={search_term_string}"},"query-input":{"@type":"PropertyValueSpecification","valueRequired":true,"valueName":"search_term_string"}}],"inLanguage":"en-GB"}]}},"_links":{"self":[{"href":"https:\/\/www.calligrafee.com\/en\/wp-json\/wp\/v2\/pages\/1524"}],"collection":[{"href":"https:\/\/www.calligrafee.com\/en\/wp-json\/wp\/v2\/pages"}],"about":[{"href":"https:\/\/www.calligrafee.com\/en\/wp-json\/wp\/v2\/types\/page"}],"author":[{"embeddable":true,"href":"https:\/\/www.calligrafee.com\/en\/wp-json\/wp\/v2\/users\/1"}],"replies":[{"embeddable":true,"href":"https:\/\/www.calligrafee.com\/en\/wp-json\/wp\/v2\/comments?post=1524"}],"version-history":[{"count":8,"href":"https:\/\/www.calligrafee.com\/en\/wp-json\/wp\/v2\/pages\/1524\/revisions"}],"predecessor-version":[{"id":1735,"href":"https:\/\/www.calligrafee.com\/en\/wp-json\/wp\/v2\/pages\/1524\/revisions\/1735"}],"wp:attachment":[{"href":"https:\/\/www.calligrafee.com\/en\/wp-json\/wp\/v2\/media?parent=1524"}],"curies":[{"name":"wp","href":"https:\/\/api.w.org\/{rel}","templated":true}]}}